{"id":4693,"date":"2020-12-11T12:17:29","date_gmt":"2020-12-11T11:17:29","guid":{"rendered":"https:\/\/muchohop.com\/merch\/"},"modified":"2023-11-20T06:23:56","modified_gmt":"2023-11-20T05:23:56","slug":"merch","status":"publish","type":"page","link":"https:\/\/muchohop.com\/es\/merch\/","title":{"rendered":"Merch"},"content":{"rendered":"\n<h2 class=\"wp-block-heading has-text-align-center\">Merch MuchoHop &#8211; Tienda Europa<\/h2>\n\n\n\n<p>\u00bfOs apetece Merch exclusivo de MuchoHop? Que gracia la reacci\u00f3n de la gente en los aeropuertos cuando llevo alguno de estos dise\u00f1os.&nbsp;<\/p>\n\n\n\n<p>Hay cientos de productos para elegir. Hoodies, camisetas, sudaderas, bolsos, gorras, pegatinas, fundas para tel\u00e9fonos, productos org\u00e1nicos para hombres, mujeres, ni\u00f1os, beb\u00e9s y mascotas.<\/p>\n\n\n\n<p>S\u00f3lo tienes que elegir tu dise\u00f1o MuchoHop favorito y el producto que te apetezca, en el color y tama\u00f1o que prefieras, \u00a1y listo!<\/p>\n\n\n\n<div id=\"myShop\">\n    <a href=\"https:\/\/MuchoHopEU.myspreadshop.net\">MuchoHopEU<\/a>\n<\/div>\n\n<script>\n    var spread_shop_config = {\n        shopName: 'MuchoHopEU',\n        locale: 'es_EU',\n        prefix: 'https:\/\/MuchoHopEU.myspreadshop.net',\n        baseId: 'myShop'\n    };\n<\/script>\n\n<script type=\"text\/javascript\"\n        src=\"https:\/\/MuchoHopEU.myspreadshop.net\/shopfiles\/shopclient\/shopclient.nocache.js\">\n<\/script>\n","protected":false},"excerpt":{"rendered":"<p>Merch MuchoHop &#8211; Tienda Europa \u00bfOs apetece Merch exclusivo de MuchoHop? Que gracia la reacci\u00f3n de la gente en los aeropuertos cuando llevo alguno de estos dise\u00f1os.&nbsp; Hay cientos de productos para elegir. Hoodies, camisetas, sudaderas, bolsos, gorras, pegatinas, fundas para tel\u00e9fonos, productos org\u00e1nicos para hombres, mujeres, ni\u00f1os, beb\u00e9s y mascotas. S\u00f3lo tienes que elegir &hellip;<\/p>\n","protected":false},"author":1,"featured_media":0,"parent":0,"menu_order":0,"comment_status":"closed","ping_status":"closed","template":"","meta":{"_acf_changed":false,"_genesis_hide_title":false,"_genesis_hide_breadcrumbs":false,"_genesis_hide_singular_image":false,"_genesis_hide_footer_widgets":false,"_genesis_custom_body_class":"","_genesis_custom_post_class":"","_genesis_layout":"wide-content","footnotes":""},"class_list":{"1":"page","2":"type-page","5":"entry"},"yoast_head":"<!-- This site is optimized with the Yoast SEO plugin v27.4 - https:\/\/yoast.com\/product\/yoast-seo-wordpress\/ -->\n<title>Merch - MuchoHop<\/title>\n<meta name=\"description\" content=\"Aqu\u00ed est\u00e1 el Merch exclusivo de MuchoHop. Todos los dise\u00f1os est\u00e1n relacionados con viajar.\" \/>\n<meta name=\"robots\" content=\"index, follow, max-snippet:-1, max-image-preview:large, max-video-preview:-1\" \/>\n<link rel=\"canonical\" href=\"https:\/\/muchohop.com\/es\/merch\/\" \/>\n<meta property=\"og:locale\" content=\"es_ES\" \/>\n<meta property=\"og:type\" content=\"article\" \/>\n<meta property=\"og:title\" content=\"Merch - MuchoHop\" \/>\n<meta property=\"og:description\" content=\"Aqu\u00ed est\u00e1 el Merch exclusivo de MuchoHop. Todos los dise\u00f1os est\u00e1n relacionados con viajar.\" \/>\n<meta property=\"og:url\" content=\"https:\/\/muchohop.com\/es\/merch\/\" \/>\n<meta property=\"og:site_name\" content=\"MuchoHop\" \/>\n<meta property=\"article:modified_time\" content=\"2023-11-20T05:23:56+00:00\" \/>\n<meta name=\"twitter:card\" content=\"summary_large_image\" \/>\n<meta name=\"twitter:label1\" content=\"Tiempo de lectura\" \/>\n\t<meta name=\"twitter:data1\" content=\"1 minuto\" \/>\n<script type=\"application\/ld+json\" class=\"yoast-schema-graph\">{\"@context\":\"https:\\\/\\\/schema.org\",\"@graph\":[{\"@type\":\"WebPage\",\"@id\":\"https:\\\/\\\/muchohop.com\\\/es\\\/merch\\\/\",\"url\":\"https:\\\/\\\/muchohop.com\\\/es\\\/merch\\\/\",\"name\":\"Merch - MuchoHop\",\"isPartOf\":{\"@id\":\"https:\\\/\\\/muchohop.com\\\/#website\"},\"datePublished\":\"2020-12-11T11:17:29+00:00\",\"dateModified\":\"2023-11-20T05:23:56+00:00\",\"description\":\"Aqu\u00ed est\u00e1 el Merch exclusivo de MuchoHop. Todos los dise\u00f1os est\u00e1n relacionados con viajar.\",\"breadcrumb\":{\"@id\":\"https:\\\/\\\/muchohop.com\\\/es\\\/merch\\\/#breadcrumb\"},\"inLanguage\":\"es\",\"potentialAction\":[{\"@type\":\"ReadAction\",\"target\":[\"https:\\\/\\\/muchohop.com\\\/es\\\/merch\\\/\"]}]},{\"@type\":\"BreadcrumbList\",\"@id\":\"https:\\\/\\\/muchohop.com\\\/es\\\/merch\\\/#breadcrumb\",\"itemListElement\":[{\"@type\":\"ListItem\",\"position\":1,\"name\":\"Home\",\"item\":\"https:\\\/\\\/muchohop.com\\\/es\\\/\"},{\"@type\":\"ListItem\",\"position\":2,\"name\":\"Merch\"}]},{\"@type\":\"WebSite\",\"@id\":\"https:\\\/\\\/muchohop.com\\\/#website\",\"url\":\"https:\\\/\\\/muchohop.com\\\/\",\"name\":\"MuchoHop\",\"description\":\"Travel Blog\",\"publisher\":{\"@id\":\"https:\\\/\\\/muchohop.com\\\/#organization\"},\"potentialAction\":[{\"@type\":\"SearchAction\",\"target\":{\"@type\":\"EntryPoint\",\"urlTemplate\":\"https:\\\/\\\/muchohop.com\\\/?s={search_term_string}\"},\"query-input\":{\"@type\":\"PropertyValueSpecification\",\"valueRequired\":true,\"valueName\":\"search_term_string\"}}],\"inLanguage\":\"es\"},{\"@type\":\"Organization\",\"@id\":\"https:\\\/\\\/muchohop.com\\\/#organization\",\"name\":\"Muchohop\",\"url\":\"https:\\\/\\\/muchohop.com\\\/\",\"logo\":{\"@type\":\"ImageObject\",\"inLanguage\":\"es\",\"@id\":\"https:\\\/\\\/muchohop.com\\\/#\\\/schema\\\/logo\\\/image\\\/\",\"url\":\"https:\\\/\\\/muchohop.com\\\/wp-content\\\/uploads\\\/2021\\\/02\\\/2020-LOGO-MH-SUITCASE-AIRPORT-sm.jpg\",\"contentUrl\":\"https:\\\/\\\/muchohop.com\\\/wp-content\\\/uploads\\\/2021\\\/02\\\/2020-LOGO-MH-SUITCASE-AIRPORT-sm.jpg\",\"width\":200,\"height\":148,\"caption\":\"Muchohop\"},\"image\":{\"@id\":\"https:\\\/\\\/muchohop.com\\\/#\\\/schema\\\/logo\\\/image\\\/\"}}]}<\/script>\n<!-- \/ Yoast SEO plugin. -->","yoast_head_json":{"title":"Merch - MuchoHop","description":"Aqu\u00ed est\u00e1 el Merch exclusivo de MuchoHop. Todos los dise\u00f1os est\u00e1n relacionados con viajar.","robots":{"index":"index","follow":"follow","max-snippet":"max-snippet:-1","max-image-preview":"max-image-preview:large","max-video-preview":"max-video-preview:-1"},"canonical":"https:\/\/muchohop.com\/es\/merch\/","og_locale":"es_ES","og_type":"article","og_title":"Merch - MuchoHop","og_description":"Aqu\u00ed est\u00e1 el Merch exclusivo de MuchoHop. Todos los dise\u00f1os est\u00e1n relacionados con viajar.","og_url":"https:\/\/muchohop.com\/es\/merch\/","og_site_name":"MuchoHop","article_modified_time":"2023-11-20T05:23:56+00:00","twitter_card":"summary_large_image","twitter_misc":{"Tiempo de lectura":"1 minuto"},"schema":{"@context":"https:\/\/schema.org","@graph":[{"@type":"WebPage","@id":"https:\/\/muchohop.com\/es\/merch\/","url":"https:\/\/muchohop.com\/es\/merch\/","name":"Merch - MuchoHop","isPartOf":{"@id":"https:\/\/muchohop.com\/#website"},"datePublished":"2020-12-11T11:17:29+00:00","dateModified":"2023-11-20T05:23:56+00:00","description":"Aqu\u00ed est\u00e1 el Merch exclusivo de MuchoHop. Todos los dise\u00f1os est\u00e1n relacionados con viajar.","breadcrumb":{"@id":"https:\/\/muchohop.com\/es\/merch\/#breadcrumb"},"inLanguage":"es","potentialAction":[{"@type":"ReadAction","target":["https:\/\/muchohop.com\/es\/merch\/"]}]},{"@type":"BreadcrumbList","@id":"https:\/\/muchohop.com\/es\/merch\/#breadcrumb","itemListElement":[{"@type":"ListItem","position":1,"name":"Home","item":"https:\/\/muchohop.com\/es\/"},{"@type":"ListItem","position":2,"name":"Merch"}]},{"@type":"WebSite","@id":"https:\/\/muchohop.com\/#website","url":"https:\/\/muchohop.com\/","name":"MuchoHop","description":"Travel Blog","publisher":{"@id":"https:\/\/muchohop.com\/#organization"},"potentialAction":[{"@type":"SearchAction","target":{"@type":"EntryPoint","urlTemplate":"https:\/\/muchohop.com\/?s={search_term_string}"},"query-input":{"@type":"PropertyValueSpecification","valueRequired":true,"valueName":"search_term_string"}}],"inLanguage":"es"},{"@type":"Organization","@id":"https:\/\/muchohop.com\/#organization","name":"Muchohop","url":"https:\/\/muchohop.com\/","logo":{"@type":"ImageObject","inLanguage":"es","@id":"https:\/\/muchohop.com\/#\/schema\/logo\/image\/","url":"https:\/\/muchohop.com\/wp-content\/uploads\/2021\/02\/2020-LOGO-MH-SUITCASE-AIRPORT-sm.jpg","contentUrl":"https:\/\/muchohop.com\/wp-content\/uploads\/2021\/02\/2020-LOGO-MH-SUITCASE-AIRPORT-sm.jpg","width":200,"height":148,"caption":"Muchohop"},"image":{"@id":"https:\/\/muchohop.com\/#\/schema\/logo\/image\/"}}]}},"acf":[],"_links":{"self":[{"href":"https:\/\/muchohop.com\/es\/wp-json\/wp\/v2\/pages\/4693","targetHints":{"allow":["GET"]}}],"collection":[{"href":"https:\/\/muchohop.com\/es\/wp-json\/wp\/v2\/pages"}],"about":[{"href":"https:\/\/muchohop.com\/es\/wp-json\/wp\/v2\/types\/page"}],"author":[{"embeddable":true,"href":"https:\/\/muchohop.com\/es\/wp-json\/wp\/v2\/users\/1"}],"replies":[{"embeddable":true,"href":"https:\/\/muchohop.com\/es\/wp-json\/wp\/v2\/comments?post=4693"}],"version-history":[{"count":0,"href":"https:\/\/muchohop.com\/es\/wp-json\/wp\/v2\/pages\/4693\/revisions"}],"wp:attachment":[{"href":"https:\/\/muchohop.com\/es\/wp-json\/wp\/v2\/media?parent=4693"}],"curies":[{"name":"wp","href":"https:\/\/api.w.org\/{rel}","templated":true}]}}