{"id":4697,"date":"2020-12-11T12:54:05","date_gmt":"2020-12-11T11:54:05","guid":{"rendered":"https:\/\/muchohop.com\/about\/bio\/"},"modified":"2021-10-11T15:09:25","modified_gmt":"2021-10-11T14:09:25","slug":"bio","status":"publish","type":"page","link":"https:\/\/muchohop.com\/es\/acerca-de\/bio\/","title":{"rendered":"Bio"},"content":{"rendered":"\n<h2 class=\"wp-block-heading\"><strong>\u00bfQui\u00e9n es MuchoHop?<\/strong><\/h2>\n\n\n\n<p>Hola, me llamo Ana, nac\u00ed en A Coru\u00f1a, Espa\u00f1a y \u00a1yo soy MuchoHop! <\/p>\n\n\n\n<p>Publico <strong>v\u00eddeos de viajes<\/strong> en <a href=\"http:\/\/www.youtube.com\/c\/MuchoHopenEspa\u00f1ol\" target=\"_blank\" rel=\"noreferrer noopener\">espa\u00f1ol<\/a> y en <a href=\"http:\/\/www.youtube.com\/user\/MuchoHop\" target=\"_blank\" rel=\"noreferrer noopener\">ingl\u00e9s<\/a> en YouTube.\u00a0<\/p>\n\n\n\n<p>A lo largo de los a\u00f1os, y de gran sorpresa para m\u00ed, mis Videos de Viajes en Avi\u00f3n se han convertido en vuestros favoritos. Me supongo que os ha gustado como explico paso a paso, c\u00f3mo ir por un aeropuerto, hasta el avi\u00f3n, y finalmente llegar a diferentes destinos alrededor del mundo.<\/p>\n\n\n\n<p>Me alegro mucho poder compartir con vosotros lo que hago, para que tambi\u00e9n pod\u00e1is viajar con confianza y menos estr\u00e9s.<\/p>\n\n\n\n<h2 class=\"wp-block-heading\"><strong>\u00bfC\u00f3mo es que viajas tanto?<\/strong><\/h2>\n\n\n\n<p>Mi primer vuelo fue cuando mi familia y yo nos mudamos de A Coru\u00f1a, Espa\u00f1a, a la ciudad de Nueva York, donde viv\u00ed durante 26 a\u00f1os.<\/p>\n\n\n\n<div class=\"wp-block-columns is-layout-flex wp-container-core-columns-is-layout-9d6595d7 wp-block-columns-is-layout-flex\">\n<div class=\"wp-block-column is-layout-flow wp-block-column-is-layout-flow\">\n<figure class=\"wp-block-image\"><img loading=\"lazy\" decoding=\"async\" width=\"1200\" height=\"1639\" src=\"https:\/\/muchohop.com\/wp-content\/uploads\/2020\/10\/FOTO-ABOUT-BIO.jpg\" alt=\"\" class=\"wp-image-4256\" srcset=\"https:\/\/muchohop.com\/wp-content\/uploads\/2020\/10\/FOTO-ABOUT-BIO-600x820.jpg 600w, https:\/\/muchohop.com\/wp-content\/uploads\/2020\/10\/FOTO-ABOUT-BIO.jpg 1200w\" sizes=\"auto, (max-width: 1200px) 100vw, 1200px\" \/><\/figure>\n\n\n\n<div class=\"wp-block-image\"><figure class=\"alignleft size-large\"><\/figure><\/div>\n<\/div>\n\n\n\n<div class=\"wp-block-column is-layout-flow wp-block-column-is-layout-flow\">\n<div style=\"height:20px\" aria-hidden=\"true\" class=\"wp-block-spacer\"><\/div>\n\n\n\n<blockquote class=\"wp-block-quote is-layout-flow wp-block-quote-is-layout-flow\"><p><em>Mi primer viaje en avi\u00f3n, en el Aeropuerto de A Coru\u00f1a (Espa\u00f1a). Fue un viaje internacional, Coru\u00f1a &#8211; Madrid &#8211; Nueva York. \u00bfOs fijasteis en mi maletita?<\/em><\/p><\/blockquote>\n<\/div>\n<\/div>\n\n\n\n<div style=\"height:20px\" aria-hidden=\"true\" class=\"wp-block-spacer\"><\/div>\n\n\n\n<p>Durante mis a\u00f1os de colegio, mis padres trabajaban, as\u00ed que todos los veranos me enviaban a Coru\u00f1a o Miami a pasar 2 meses de vacaciones con la familia. Hice esto todos los veranos, y muchas veces hasta incluso iba sola. Era el t\u00edpico cr\u00edo que iba acompa\u00f1ado de la azafata. Cuando llegu\u00e9 a cierta edad, ya no quer\u00eda ir con la azafata. Digamos que ya sab\u00eda la rutina y el camino y me ofend\u00eda ir acompa\u00f1ada. Que mocosa, jajaja.<\/p>\n\n\n\n<p>No est\u00e1 nada mal, para ser una renacuaja de Brooklyn. Hoy me doy cuenta lo afortunada que he sido.<\/p>\n\n\n\n<p>As\u00ed que mi entrenamiento para ser Hopper empez\u00f3 bastante temprano. Me encantaba y no ten\u00eda nada de miedo. Y como os pod\u00e9is imaginar, dec\u00eda que de grande quer\u00eda ser una azafata de vuelo.<\/p>\n\n\n\n<p>Como la familia y amigos viv\u00edan (y siguen viviendo) en diferentes pa\u00edses, he tenido que viajar bastante, casi siempre en avi\u00f3n.<\/p>\n\n\n\n<p class=\"has-text-align-center\"><em><strong><span class=\"has-inline-color has-link-color\">Para mi viajar no es un hobby, simplemente forma parte de mi vida.<\/span><\/strong><\/em><\/p>\n\n\n\n<div style=\"height:1px\" aria-hidden=\"true\" class=\"wp-block-spacer\"><\/div>\n\n\n\n<h2 class=\"wp-block-heading\"><strong><strong>\u00bfAlguna vez has tenido un trabajo normal?<\/strong><\/strong><\/h2>\n\n\n\n<p>\u00a1Claro que si! Conseguir una formaci\u00f3n profesional siempre ha sido una de mis prioridades, y despu\u00e9s de muchos a\u00f1os y grandes sacrificios, por fin obtuve un Masters en Bioqu\u00edmica y trabaj\u00e9 en varios laboratorios de investigaci\u00f3n de medicina en la Ciudad de Nueva York durante m\u00e1s de una d\u00e9cada.&nbsp;<\/p>\n\n\n\n<p>Cuando empec\u00e9 a trabajar, las vacaciones largas de verano terminaron, pero los viajes por suerte continuaron. Aprovechaba los fines de semana largos y las vacaciones m\u00e1s cortitas.<\/p>\n\n\n\n<p>En este momento de mi vida, mis viajes no se limitaban en ver s\u00f3lo la familia, ya era adulta, trabajaba, y quer\u00eda visitar sitios que ve\u00eda en la tele o en libros y revistas (no hab\u00eda Internet de aquella).<\/p>\n\n\n\n<p>Recuerdo como si fuera ayer que cuando vi esta foto de Toledo, en una revista de <em>National Geographic<\/em>, pens\u00e9 \u00a1Tengo que ir a este sitio! Y ah\u00ed naci\u00f3 mi Fiebre de Viajar.<\/p>\n\n\n\n<div class=\"wp-block-columns is-layout-flex wp-container-core-columns-is-layout-9d6595d7 wp-block-columns-is-layout-flex\">\n<div class=\"wp-block-column is-layout-flow wp-block-column-is-layout-flow\">\n<div style=\"height:20px\" aria-hidden=\"true\" class=\"wp-block-spacer\"><\/div>\n\n\n\n<blockquote class=\"wp-block-quote is-layout-flow wp-block-quote-is-layout-flow\"><p>Cuando vi esta foto de Toledo, en una revista de National Geographic, pens\u00e9 \u00a1Tengo que ir a este sitio! Ah\u00ed naci\u00f3 mi Fiebre de Viajar.<\/p><\/blockquote>\n<\/div>\n\n\n\n<div class=\"wp-block-column is-layout-flow wp-block-column-is-layout-flow\">\n<figure class=\"wp-block-image size-large\"><img decoding=\"async\" src=\"https:\/\/muchohop.com\/wp-content\/uploads\/2020\/10\/FOTO-ABOUT-BIO-2-NATIONAL-GEOGRAPHIC.jpg\" alt=\"\" class=\"wp-image-4259\"\/><\/figure>\n<\/div>\n<\/div>\n\n\n\n<div style=\"height:20px\" aria-hidden=\"true\" class=\"wp-block-spacer\"><\/div>\n\n\n\n<p>Muchos a\u00f1os m\u00e1s tarde, decid\u00ed dejar la Gran Manzana, y regres\u00e9 a A Coru\u00f1a. El cambio no fue f\u00e1cil, ya que Nueva York era mi hogar, pero consegu\u00ed adaptarme, y pronto empec\u00e9 a trabajar de profesora de ingl\u00e9s y abr\u00ed un negocio haciendo revisiones de textos cient\u00edficos y de medicina.<\/p>\n\n\n\n<p>Nuevamente considero que tuve suerte, conoc\u00ed a mucha gente, y a estos nuevos amigos tambi\u00e9n \u00a1les gustaba viajar!<\/p>\n\n\n\n<p>Pero el destino es muy curioso, y el m\u00edo me llev\u00f3 a Alemania, y de nuevo me adapto, aprendo, y estoy encantada de poder conocer un nuevo pa\u00eds, cultura, e idioma.<\/p>\n\n\n\n<p>Es \u00abf\u00e1cil\u00bb viajar desde Alemania ya que est\u00e1 muy bien situada en el centro de Europa y hay muy buenas oportunidades para viajar.<\/p>\n\n\n\n<h2 class=\"wp-block-heading\"><strong><strong><strong>\u00bfQu\u00e9 te hizo empezar en YouTube?<\/strong><\/strong><\/strong><\/h2>\n\n\n\n<p>Cuando ya estaba viviendo en Alemania, un d\u00eda me enter\u00e9 que una famosa blogger de belleza llamada <em>Julia Graf<\/em> iba a hacer una reuni\u00f3n en Berna, Suiza, a pocas horas de mi casa, jiji.&nbsp;<\/p>\n\n\n\n<p><strong>Ese d\u00eda cambi\u00f3 mi vida<\/strong>. Si quer\u00e9is saber lo que pas\u00f3 <a href=\"http:\/\/www.muchohop.com\/es\/donde-nacio-muchohop-berna-suiza\" target=\"_blank\" rel=\"noreferrer noopener\">LEER M\u00c1S<\/a>.<\/p>\n\n\n\n<p>Despu\u00e9s de darle muchas vueltas y ver muchos videos de YouTube decid\u00ed empezar un canal de YouTube en ingl\u00e9s y lo llam\u00e9<a href=\"http:\/\/www.youtube.com\/user\/MuchoHop\" target=\"_blank\" rel=\"noreferrer noopener\"> MuchoHop<\/a>. El tema por supuesto ten\u00eda que ser viajar.<\/p>\n\n\n\n<p>Al ver la respuesta positiva de mis Hoppers, y la necesidad de ayudar a mi audiencia de habla-hispana, dos a\u00f1os m\u00e1s tarde lanc\u00e9 un segundo canal,<a href=\"http:\/\/www.youtube.com\/c\/MuchoHopenEspa%C3%B1ol\" target=\"_blank\" rel=\"noreferrer noopener\"> MuchoHop en Espa\u00f1ol<\/a>.<\/p>\n\n\n\n<p>Ahora sab\u00e9is un poco m\u00e1s sobre m\u00ed, y de d\u00f3nde me viene ese af\u00e1n de viajar tanto. Como pod\u00e9is comprobar, el viajar siempre ha sido un gran protagonista en mi vida. Espero que mis v\u00eddeos os ayuden a viajar y os inspiren.<\/p>\n\n\n\n<p>\u00a1Muchas gracias por vuestra visita! Hop Abrazos, Ana<\/p>\n","protected":false},"excerpt":{"rendered":"<p>\u00bfQui\u00e9n es MuchoHop? Hola, me llamo Ana, nac\u00ed en A Coru\u00f1a, Espa\u00f1a y \u00a1yo soy MuchoHop! Publico v\u00eddeos de viajes en espa\u00f1ol y en ingl\u00e9s en YouTube.\u00a0 A lo largo de los a\u00f1os, y de gran sorpresa para m\u00ed, mis Videos de Viajes en Avi\u00f3n se han convertido en vuestros favoritos. Me supongo que os &hellip;<\/p>\n","protected":false},"author":1,"featured_media":0,"parent":4695,"menu_order":0,"comment_status":"closed","ping_status":"closed","template":"","meta":{"_acf_changed":false,"_genesis_hide_title":false,"_genesis_hide_breadcrumbs":false,"_genesis_hide_singular_image":false,"_genesis_hide_footer_widgets":false,"_genesis_custom_body_class":"","_genesis_custom_post_class":"","_genesis_layout":"","footnotes":""},"class_list":{"1":"page","2":"type-page","5":"entry"},"yoast_head":"<!-- This site is optimized with the Yoast SEO plugin v27.4 - https:\/\/yoast.com\/product\/yoast-seo-wordpress\/ -->\n<title>Bio - MuchoHop<\/title>\n<meta name=\"description\" content=\"Hola, me llamo Ana y \u00a1soy MuchoHop! Publico videos de viajes en espa\u00f1ol e ingl\u00e9s en YouTube. A lo largo de los a\u00f1os, y de gran sorpresa para m\u00ed, mis videos de Viajar en Avi\u00f3n se han convertido en vuestros favoritos. Me supongo que es porque os ENSE\u00d1O como viajo, y paso a paso explico c\u00f3mo ir por un aeropuerto hasta el avi\u00f3n, y finalmente llegar a diferentes destinos alrededor del mundo. Me alegro mucho poder compartir con vosotros lo que hago, para que tambi\u00e9n pod\u00e1is viajar con confianza y menos estr\u00e9s.\" \/>\n<meta name=\"robots\" content=\"index, follow, max-snippet:-1, max-image-preview:large, max-video-preview:-1\" \/>\n<link rel=\"canonical\" href=\"https:\/\/muchohop.com\/es\/acerca-de\/bio\/\" \/>\n<meta property=\"og:locale\" content=\"es_ES\" \/>\n<meta property=\"og:type\" content=\"article\" \/>\n<meta property=\"og:title\" content=\"Bio - MuchoHop\" \/>\n<meta property=\"og:description\" content=\"Hola, me llamo Ana y \u00a1soy MuchoHop! Publico videos de viajes en espa\u00f1ol e ingl\u00e9s en YouTube. A lo largo de los a\u00f1os, y de gran sorpresa para m\u00ed, mis videos de Viajar en Avi\u00f3n se han convertido en vuestros favoritos. Me supongo que es porque os ENSE\u00d1O como viajo, y paso a paso explico c\u00f3mo ir por un aeropuerto hasta el avi\u00f3n, y finalmente llegar a diferentes destinos alrededor del mundo. Me alegro mucho poder compartir con vosotros lo que hago, para que tambi\u00e9n pod\u00e1is viajar con confianza y menos estr\u00e9s.\" \/>\n<meta property=\"og:url\" content=\"https:\/\/muchohop.com\/es\/acerca-de\/bio\/\" \/>\n<meta property=\"og:site_name\" content=\"MuchoHop\" \/>\n<meta property=\"article:modified_time\" content=\"2021-10-11T14:09:25+00:00\" \/>\n<meta property=\"og:image\" content=\"https:\/\/muchohop.com\/wp-content\/uploads\/2020\/10\/FOTO-ABOUT-BIO.jpg\" \/>\n<meta name=\"twitter:card\" content=\"summary_large_image\" \/>\n<meta name=\"twitter:label1\" content=\"Tiempo de lectura\" \/>\n\t<meta name=\"twitter:data1\" content=\"4 minutos\" \/>\n<script type=\"application\/ld+json\" class=\"yoast-schema-graph\">{\"@context\":\"https:\\\/\\\/schema.org\",\"@graph\":[{\"@type\":\"WebPage\",\"@id\":\"https:\\\/\\\/muchohop.com\\\/es\\\/acerca-de\\\/bio\\\/\",\"url\":\"https:\\\/\\\/muchohop.com\\\/es\\\/acerca-de\\\/bio\\\/\",\"name\":\"Bio - MuchoHop\",\"isPartOf\":{\"@id\":\"https:\\\/\\\/muchohop.com\\\/#website\"},\"primaryImageOfPage\":{\"@id\":\"https:\\\/\\\/muchohop.com\\\/es\\\/acerca-de\\\/bio\\\/#primaryimage\"},\"image\":{\"@id\":\"https:\\\/\\\/muchohop.com\\\/es\\\/acerca-de\\\/bio\\\/#primaryimage\"},\"thumbnailUrl\":\"https:\\\/\\\/muchohop.com\\\/wp-content\\\/uploads\\\/2020\\\/10\\\/FOTO-ABOUT-BIO.jpg\",\"datePublished\":\"2020-12-11T11:54:05+00:00\",\"dateModified\":\"2021-10-11T14:09:25+00:00\",\"description\":\"Hola, me llamo Ana y \u00a1soy MuchoHop! Publico videos de viajes en espa\u00f1ol e ingl\u00e9s en YouTube. A lo largo de los a\u00f1os, y de gran sorpresa para m\u00ed, mis videos de Viajar en Avi\u00f3n se han convertido en vuestros favoritos. Me supongo que es porque os ENSE\u00d1O como viajo, y paso a paso explico c\u00f3mo ir por un aeropuerto hasta el avi\u00f3n, y finalmente llegar a diferentes destinos alrededor del mundo. Me alegro mucho poder compartir con vosotros lo que hago, para que tambi\u00e9n pod\u00e1is viajar con confianza y menos estr\u00e9s.\",\"breadcrumb\":{\"@id\":\"https:\\\/\\\/muchohop.com\\\/es\\\/acerca-de\\\/bio\\\/#breadcrumb\"},\"inLanguage\":\"es\",\"potentialAction\":[{\"@type\":\"ReadAction\",\"target\":[\"https:\\\/\\\/muchohop.com\\\/es\\\/acerca-de\\\/bio\\\/\"]}]},{\"@type\":\"ImageObject\",\"inLanguage\":\"es\",\"@id\":\"https:\\\/\\\/muchohop.com\\\/es\\\/acerca-de\\\/bio\\\/#primaryimage\",\"url\":\"https:\\\/\\\/muchohop.com\\\/wp-content\\\/uploads\\\/2020\\\/10\\\/FOTO-ABOUT-BIO.jpg\",\"contentUrl\":\"https:\\\/\\\/muchohop.com\\\/wp-content\\\/uploads\\\/2020\\\/10\\\/FOTO-ABOUT-BIO.jpg\"},{\"@type\":\"BreadcrumbList\",\"@id\":\"https:\\\/\\\/muchohop.com\\\/es\\\/acerca-de\\\/bio\\\/#breadcrumb\",\"itemListElement\":[{\"@type\":\"ListItem\",\"position\":1,\"name\":\"Home\",\"item\":\"https:\\\/\\\/muchohop.com\\\/es\\\/\"},{\"@type\":\"ListItem\",\"position\":2,\"name\":\"Acerca de\",\"item\":\"https:\\\/\\\/muchohop.com\\\/es\\\/acerca-de\\\/\"},{\"@type\":\"ListItem\",\"position\":3,\"name\":\"Bio\"}]},{\"@type\":\"WebSite\",\"@id\":\"https:\\\/\\\/muchohop.com\\\/#website\",\"url\":\"https:\\\/\\\/muchohop.com\\\/\",\"name\":\"MuchoHop\",\"description\":\"Travel Blog\",\"publisher\":{\"@id\":\"https:\\\/\\\/muchohop.com\\\/#organization\"},\"potentialAction\":[{\"@type\":\"SearchAction\",\"target\":{\"@type\":\"EntryPoint\",\"urlTemplate\":\"https:\\\/\\\/muchohop.com\\\/?s={search_term_string}\"},\"query-input\":{\"@type\":\"PropertyValueSpecification\",\"valueRequired\":true,\"valueName\":\"search_term_string\"}}],\"inLanguage\":\"es\"},{\"@type\":\"Organization\",\"@id\":\"https:\\\/\\\/muchohop.com\\\/#organization\",\"name\":\"Muchohop\",\"url\":\"https:\\\/\\\/muchohop.com\\\/\",\"logo\":{\"@type\":\"ImageObject\",\"inLanguage\":\"es\",\"@id\":\"https:\\\/\\\/muchohop.com\\\/#\\\/schema\\\/logo\\\/image\\\/\",\"url\":\"https:\\\/\\\/muchohop.com\\\/wp-content\\\/uploads\\\/2021\\\/02\\\/2020-LOGO-MH-SUITCASE-AIRPORT-sm.jpg\",\"contentUrl\":\"https:\\\/\\\/muchohop.com\\\/wp-content\\\/uploads\\\/2021\\\/02\\\/2020-LOGO-MH-SUITCASE-AIRPORT-sm.jpg\",\"width\":200,\"height\":148,\"caption\":\"Muchohop\"},\"image\":{\"@id\":\"https:\\\/\\\/muchohop.com\\\/#\\\/schema\\\/logo\\\/image\\\/\"}}]}<\/script>\n<!-- \/ Yoast SEO plugin. -->","yoast_head_json":{"title":"Bio - MuchoHop","description":"Hola, me llamo Ana y \u00a1soy MuchoHop! Publico videos de viajes en espa\u00f1ol e ingl\u00e9s en YouTube. A lo largo de los a\u00f1os, y de gran sorpresa para m\u00ed, mis videos de Viajar en Avi\u00f3n se han convertido en vuestros favoritos. Me supongo que es porque os ENSE\u00d1O como viajo, y paso a paso explico c\u00f3mo ir por un aeropuerto hasta el avi\u00f3n, y finalmente llegar a diferentes destinos alrededor del mundo. Me alegro mucho poder compartir con vosotros lo que hago, para que tambi\u00e9n pod\u00e1is viajar con confianza y menos estr\u00e9s.","robots":{"index":"index","follow":"follow","max-snippet":"max-snippet:-1","max-image-preview":"max-image-preview:large","max-video-preview":"max-video-preview:-1"},"canonical":"https:\/\/muchohop.com\/es\/acerca-de\/bio\/","og_locale":"es_ES","og_type":"article","og_title":"Bio - MuchoHop","og_description":"Hola, me llamo Ana y \u00a1soy MuchoHop! Publico videos de viajes en espa\u00f1ol e ingl\u00e9s en YouTube. A lo largo de los a\u00f1os, y de gran sorpresa para m\u00ed, mis videos de Viajar en Avi\u00f3n se han convertido en vuestros favoritos. Me supongo que es porque os ENSE\u00d1O como viajo, y paso a paso explico c\u00f3mo ir por un aeropuerto hasta el avi\u00f3n, y finalmente llegar a diferentes destinos alrededor del mundo. Me alegro mucho poder compartir con vosotros lo que hago, para que tambi\u00e9n pod\u00e1is viajar con confianza y menos estr\u00e9s.","og_url":"https:\/\/muchohop.com\/es\/acerca-de\/bio\/","og_site_name":"MuchoHop","article_modified_time":"2021-10-11T14:09:25+00:00","og_image":[{"url":"https:\/\/muchohop.com\/wp-content\/uploads\/2020\/10\/FOTO-ABOUT-BIO.jpg","type":"","width":"","height":""}],"twitter_card":"summary_large_image","twitter_misc":{"Tiempo de lectura":"4 minutos"},"schema":{"@context":"https:\/\/schema.org","@graph":[{"@type":"WebPage","@id":"https:\/\/muchohop.com\/es\/acerca-de\/bio\/","url":"https:\/\/muchohop.com\/es\/acerca-de\/bio\/","name":"Bio - MuchoHop","isPartOf":{"@id":"https:\/\/muchohop.com\/#website"},"primaryImageOfPage":{"@id":"https:\/\/muchohop.com\/es\/acerca-de\/bio\/#primaryimage"},"image":{"@id":"https:\/\/muchohop.com\/es\/acerca-de\/bio\/#primaryimage"},"thumbnailUrl":"https:\/\/muchohop.com\/wp-content\/uploads\/2020\/10\/FOTO-ABOUT-BIO.jpg","datePublished":"2020-12-11T11:54:05+00:00","dateModified":"2021-10-11T14:09:25+00:00","description":"Hola, me llamo Ana y \u00a1soy MuchoHop! Publico videos de viajes en espa\u00f1ol e ingl\u00e9s en YouTube. A lo largo de los a\u00f1os, y de gran sorpresa para m\u00ed, mis videos de Viajar en Avi\u00f3n se han convertido en vuestros favoritos. Me supongo que es porque os ENSE\u00d1O como viajo, y paso a paso explico c\u00f3mo ir por un aeropuerto hasta el avi\u00f3n, y finalmente llegar a diferentes destinos alrededor del mundo. Me alegro mucho poder compartir con vosotros lo que hago, para que tambi\u00e9n pod\u00e1is viajar con confianza y menos estr\u00e9s.","breadcrumb":{"@id":"https:\/\/muchohop.com\/es\/acerca-de\/bio\/#breadcrumb"},"inLanguage":"es","potentialAction":[{"@type":"ReadAction","target":["https:\/\/muchohop.com\/es\/acerca-de\/bio\/"]}]},{"@type":"ImageObject","inLanguage":"es","@id":"https:\/\/muchohop.com\/es\/acerca-de\/bio\/#primaryimage","url":"https:\/\/muchohop.com\/wp-content\/uploads\/2020\/10\/FOTO-ABOUT-BIO.jpg","contentUrl":"https:\/\/muchohop.com\/wp-content\/uploads\/2020\/10\/FOTO-ABOUT-BIO.jpg"},{"@type":"BreadcrumbList","@id":"https:\/\/muchohop.com\/es\/acerca-de\/bio\/#breadcrumb","itemListElement":[{"@type":"ListItem","position":1,"name":"Home","item":"https:\/\/muchohop.com\/es\/"},{"@type":"ListItem","position":2,"name":"Acerca de","item":"https:\/\/muchohop.com\/es\/acerca-de\/"},{"@type":"ListItem","position":3,"name":"Bio"}]},{"@type":"WebSite","@id":"https:\/\/muchohop.com\/#website","url":"https:\/\/muchohop.com\/","name":"MuchoHop","description":"Travel Blog","publisher":{"@id":"https:\/\/muchohop.com\/#organization"},"potentialAction":[{"@type":"SearchAction","target":{"@type":"EntryPoint","urlTemplate":"https:\/\/muchohop.com\/?s={search_term_string}"},"query-input":{"@type":"PropertyValueSpecification","valueRequired":true,"valueName":"search_term_string"}}],"inLanguage":"es"},{"@type":"Organization","@id":"https:\/\/muchohop.com\/#organization","name":"Muchohop","url":"https:\/\/muchohop.com\/","logo":{"@type":"ImageObject","inLanguage":"es","@id":"https:\/\/muchohop.com\/#\/schema\/logo\/image\/","url":"https:\/\/muchohop.com\/wp-content\/uploads\/2021\/02\/2020-LOGO-MH-SUITCASE-AIRPORT-sm.jpg","contentUrl":"https:\/\/muchohop.com\/wp-content\/uploads\/2021\/02\/2020-LOGO-MH-SUITCASE-AIRPORT-sm.jpg","width":200,"height":148,"caption":"Muchohop"},"image":{"@id":"https:\/\/muchohop.com\/#\/schema\/logo\/image\/"}}]}},"acf":[],"_links":{"self":[{"href":"https:\/\/muchohop.com\/es\/wp-json\/wp\/v2\/pages\/4697","targetHints":{"allow":["GET"]}}],"collection":[{"href":"https:\/\/muchohop.com\/es\/wp-json\/wp\/v2\/pages"}],"about":[{"href":"https:\/\/muchohop.com\/es\/wp-json\/wp\/v2\/types\/page"}],"author":[{"embeddable":true,"href":"https:\/\/muchohop.com\/es\/wp-json\/wp\/v2\/users\/1"}],"replies":[{"embeddable":true,"href":"https:\/\/muchohop.com\/es\/wp-json\/wp\/v2\/comments?post=4697"}],"version-history":[{"count":0,"href":"https:\/\/muchohop.com\/es\/wp-json\/wp\/v2\/pages\/4697\/revisions"}],"up":[{"embeddable":true,"href":"https:\/\/muchohop.com\/es\/wp-json\/wp\/v2\/pages\/4695"}],"wp:attachment":[{"href":"https:\/\/muchohop.com\/es\/wp-json\/wp\/v2\/media?parent=4697"}],"curies":[{"name":"wp","href":"https:\/\/api.w.org\/{rel}","templated":true}]}}