{"id":4708,"date":"2020-12-11T13:44:39","date_gmt":"2020-12-11T12:44:39","guid":{"rendered":"https:\/\/muchohop.com\/contenido\/destinos\/"},"modified":"2021-10-15T12:37:27","modified_gmt":"2021-10-15T11:37:27","slug":"destinos","status":"publish","type":"page","link":"https:\/\/muchohop.com\/es\/contenido\/destinos\/","title":{"rendered":"Destinos"},"content":{"rendered":"<div class=\"mai-grid entries entries-grid has-image-full\" style=\"--entry-title-font-size:var(--font-size-lg);--entry-image-link-max-width:800px;--align-text:start;--entry-meta-text-align:start;\"><div class=\"entries-wrap has-columns\" style=\"--columns-xs:1\/1;--columns-sm:1\/1;--columns-md:1\/1;--columns-lg:1\/1;--flex-xs:0 0 var(--flex-basis);--flex-sm:0 0 var(--flex-basis);--flex-md:0 0 var(--flex-basis);--flex-lg:0 0 var(--flex-basis);--column-gap:var(--spacing-lg);--row-gap:var(--spacing-lg);--align-columns:start;\"><article class=\"entry entry-grid is-column has-entry-link has-image has-image-first type-post category-destinos tag-bienvenida tag-en-espanol tag-en-ingles tag-muchohop-es tag-pagina-web tag-viajar tag-website-es tag-youtube\" style=\"--entry-index:1;\" aria-label=\"Nuestro Primer Destino: Mundo Hopper\"><a class=\"entry-image-link\" href=\"https:\/\/muchohop.com\/es\/bienvenidos-al-mundo-hopper\/\" tabindex=\"-1\" aria-hidden=\"true\"><img loading=\"lazy\" decoding=\"async\" width=\"800\" height=\"600\" src=\"https:\/\/muchohop.com\/wp-content\/uploads\/2021\/10\/FOTO-CONTENIDO-HOPPER-WORLD-4x3-1-800x600.jpg\" class=\"entry-image size-landscape-md\" alt=\"\" srcset=\"https:\/\/muchohop.com\/wp-content\/uploads\/2021\/10\/FOTO-CONTENIDO-HOPPER-WORLD-4x3-1-300x225.jpg 300w, https:\/\/muchohop.com\/wp-content\/uploads\/2021\/10\/FOTO-CONTENIDO-HOPPER-WORLD-4x3-1-400x300.jpg 400w, https:\/\/muchohop.com\/wp-content\/uploads\/2021\/10\/FOTO-CONTENIDO-HOPPER-WORLD-4x3-1-600x450.jpg 600w, https:\/\/muchohop.com\/wp-content\/uploads\/2021\/10\/FOTO-CONTENIDO-HOPPER-WORLD-4x3-1-768x576.jpg 768w, https:\/\/muchohop.com\/wp-content\/uploads\/2021\/10\/FOTO-CONTENIDO-HOPPER-WORLD-4x3-1-800x600.jpg 800w, https:\/\/muchohop.com\/wp-content\/uploads\/2021\/10\/FOTO-CONTENIDO-HOPPER-WORLD-4x3-1-1024x768.jpg 1024w, https:\/\/muchohop.com\/wp-content\/uploads\/2021\/10\/FOTO-CONTENIDO-HOPPER-WORLD-4x3-1-1200x900.jpg 1200w, https:\/\/muchohop.com\/wp-content\/uploads\/2021\/10\/FOTO-CONTENIDO-HOPPER-WORLD-4x3-1.jpg 1431w\" sizes=\"auto, (max-width:599px) 599px, (min-width:600px) and (max-width: 799px) 799px, (min-width:800px) and (max-width: 999px) 999px, (min-width:1000px) 1200px\" \/><\/a><div class=\"entry-wrap entry-wrap-grid\"><h3 class=\"entry-title\"><a class=\"entry-title-link\" href=\"https:\/\/muchohop.com\/es\/bienvenidos-al-mundo-hopper\/\" rel=\"bookmark\">Nuestro Primer Destino: Mundo Hopper<\/a><\/h3>\n<div class=\"entry-excerpt\"><p>Nuestro primer Destino ser\u00e1 el Mundo Hopper. Ahora tendremos una plataforma m\u00e1s personal de comunicaci\u00f3n. Os voy a ense\u00f1ar diferentes aspectos de lo que es viajar, no solo en formato de v\u00eddeo, y espero que sea un sitio donde se aclaren vuestras dudas.<br \/>\nAhhh, y os recuerdo que el Mucho Hopper \u00a1\u00a1viene en dos idiomas!! Aqu\u00ed ten\u00e9is la oportunidad para practicar vuestro ingl\u00e9s ?<br \/>\nEn Espa\u00f1ol: www.muchohop.com\/es<br \/>\nEn Ingl\u00e9s: www.muchohop.com<\/p>\n<\/div><div class=\"entry-more\"><a class=\"entry-more-link button button-secondary button-small\" href=\"https:\/\/muchohop.com\/es\/bienvenidos-al-mundo-hopper\/\">Leer m\u00e1s<span class=\"screen-reader-text\">Nuestro Primer Destino: Mundo Hopper<\/span><\/a><\/div><\/div><\/article><article class=\"entry entry-grid is-column has-entry-link has-image has-image-first type-post category-destinos\" style=\"--entry-index:2;\" aria-label=\"Hamburgo, Alemania, Una Bonita Sorpresa\"><a class=\"entry-image-link\" href=\"https:\/\/muchohop.com\/es\/hamburgo-alemania-una-bonita-sorpresa\/\" tabindex=\"-1\" aria-hidden=\"true\"><img loading=\"lazy\" decoding=\"async\" width=\"800\" height=\"600\" src=\"https:\/\/muchohop.com\/wp-content\/uploads\/2021\/02\/Hamburg-Harbor-4x3-1-800x600.jpg\" class=\"entry-image size-landscape-md\" alt=\"hamburg harbor\" srcset=\"https:\/\/muchohop.com\/wp-content\/uploads\/2021\/02\/Hamburg-Harbor-4x3-1-300x225.jpg 300w, https:\/\/muchohop.com\/wp-content\/uploads\/2021\/02\/Hamburg-Harbor-4x3-1-400x300.jpg 400w, https:\/\/muchohop.com\/wp-content\/uploads\/2021\/02\/Hamburg-Harbor-4x3-1-600x450.jpg 600w, https:\/\/muchohop.com\/wp-content\/uploads\/2021\/02\/Hamburg-Harbor-4x3-1-768x576.jpg 768w, https:\/\/muchohop.com\/wp-content\/uploads\/2021\/02\/Hamburg-Harbor-4x3-1-800x600.jpg 800w, https:\/\/muchohop.com\/wp-content\/uploads\/2021\/02\/Hamburg-Harbor-4x3-1-1024x768.jpg 1024w, https:\/\/muchohop.com\/wp-content\/uploads\/2021\/02\/Hamburg-Harbor-4x3-1-1200x900.jpg 1200w, https:\/\/muchohop.com\/wp-content\/uploads\/2021\/02\/Hamburg-Harbor-4x3-1.jpg 1500w\" sizes=\"auto, (max-width:599px) 599px, (min-width:600px) and (max-width: 799px) 799px, (min-width:800px) and (max-width: 999px) 999px, (min-width:1000px) 1200px\" \/><\/a><div class=\"entry-wrap entry-wrap-grid\"><h3 class=\"entry-title\"><a class=\"entry-title-link\" href=\"https:\/\/muchohop.com\/es\/hamburgo-alemania-una-bonita-sorpresa\/\" rel=\"bookmark\">Hamburgo, Alemania, Una Bonita Sorpresa<\/a><\/h3>\n<div class=\"entry-excerpt\"><p>Aunque Hamburgo es la segunda ciudad m\u00e1s grande de Alemania, la gente es m\u00e1s partidaria de visitar Berl\u00edn, M\u00fanich o incluso Frankfurt. Sin embargo, Hamburgo es una de esas ciudades que te sorprende y que dejan huella.&nbsp; Es una ciudad mar\u00edtima\u2026 pero sin mar. El agua que rodea la ciudad y que separa la tierra &hellip;<\/p>\n<\/div><div class=\"entry-more\"><a class=\"entry-more-link button button-secondary button-small\" href=\"https:\/\/muchohop.com\/es\/hamburgo-alemania-una-bonita-sorpresa\/\">Leer m\u00e1s<span class=\"screen-reader-text\">Hamburgo, Alemania, Una Bonita Sorpresa<\/span><\/a><\/div><\/div><\/article><\/div><\/div>","protected":false},"excerpt":{"rendered":"","protected":false},"author":1,"featured_media":0,"parent":4707,"menu_order":0,"comment_status":"closed","ping_status":"closed","template":"","meta":{"_acf_changed":false,"_genesis_hide_title":false,"_genesis_hide_breadcrumbs":false,"_genesis_hide_singular_image":false,"_genesis_hide_footer_widgets":false,"_genesis_custom_body_class":"","_genesis_custom_post_class":"","_genesis_layout":"","footnotes":""},"class_list":{"1":"page","2":"type-page","5":"entry"},"yoast_head":"<!-- This site is optimized with the Yoast SEO plugin v27.3 - https:\/\/yoast.com\/product\/yoast-seo-wordpress\/ -->\n<title>Destinos - MuchoHop<\/title>\n<meta name=\"description\" content=\"Nuestro primer Destino es Mundo Hopper \u00a1la nueva p\u00e1gina web de MuchoHop!, un sitio m\u00e1s personal para hablar entre nosotros. Os voy a ense\u00f1ar diferentes aspectos de lo que es viajar, no solo en formato de v\u00eddeo, y espero que sea un sitio donde se aclaren vuestras dudas. Ah, y os recuerdo que Mucho Hopper \u00a1\u00a1viene en dos idiomas!! Ten\u00e9is la oportunidad de practicar vuestro Ingl\u00e9s y Espa\u00f1ol ? En Espa\u00f1ol: www.muchohop.com\/es y en Ingl\u00e9s: www.muchohop.com\" \/>\n<meta name=\"robots\" content=\"index, follow, max-snippet:-1, max-image-preview:large, max-video-preview:-1\" \/>\n<link rel=\"canonical\" href=\"https:\/\/muchohop.com\/es\/contenido\/destinos\/\" \/>\n<meta property=\"og:locale\" content=\"es_ES\" \/>\n<meta property=\"og:type\" content=\"article\" \/>\n<meta property=\"og:title\" content=\"Destinos - MuchoHop\" \/>\n<meta property=\"og:description\" content=\"Nuestro primer Destino es Mundo Hopper \u00a1la nueva p\u00e1gina web de MuchoHop!, un sitio m\u00e1s personal para hablar entre nosotros. Os voy a ense\u00f1ar diferentes aspectos de lo que es viajar, no solo en formato de v\u00eddeo, y espero que sea un sitio donde se aclaren vuestras dudas. Ah, y os recuerdo que Mucho Hopper \u00a1\u00a1viene en dos idiomas!! Ten\u00e9is la oportunidad de practicar vuestro Ingl\u00e9s y Espa\u00f1ol ? En Espa\u00f1ol: www.muchohop.com\/es y en Ingl\u00e9s: www.muchohop.com\" \/>\n<meta property=\"og:url\" content=\"https:\/\/muchohop.com\/es\/contenido\/destinos\/\" \/>\n<meta property=\"og:site_name\" content=\"MuchoHop\" \/>\n<meta property=\"article:modified_time\" content=\"2021-10-15T11:37:27+00:00\" \/>\n<meta name=\"twitter:card\" content=\"summary_large_image\" \/>\n<script type=\"application\/ld+json\" class=\"yoast-schema-graph\">{\"@context\":\"https:\\\/\\\/schema.org\",\"@graph\":[{\"@type\":\"WebPage\",\"@id\":\"https:\\\/\\\/muchohop.com\\\/es\\\/contenido\\\/destinos\\\/\",\"url\":\"https:\\\/\\\/muchohop.com\\\/es\\\/contenido\\\/destinos\\\/\",\"name\":\"Destinos - MuchoHop\",\"isPartOf\":{\"@id\":\"https:\\\/\\\/muchohop.com\\\/#website\"},\"datePublished\":\"2020-12-11T12:44:39+00:00\",\"dateModified\":\"2021-10-15T11:37:27+00:00\",\"description\":\"Nuestro primer Destino es Mundo Hopper \u00a1la nueva p\u00e1gina web de MuchoHop!, un sitio m\u00e1s personal para hablar entre nosotros. Os voy a ense\u00f1ar diferentes aspectos de lo que es viajar, no solo en formato de v\u00eddeo, y espero que sea un sitio donde se aclaren vuestras dudas. Ah, y os recuerdo que Mucho Hopper \u00a1\u00a1viene en dos idiomas!! Ten\u00e9is la oportunidad de practicar vuestro Ingl\u00e9s y Espa\u00f1ol ? En Espa\u00f1ol: www.muchohop.com\\\/es y en Ingl\u00e9s: www.muchohop.com\",\"breadcrumb\":{\"@id\":\"https:\\\/\\\/muchohop.com\\\/es\\\/contenido\\\/destinos\\\/#breadcrumb\"},\"inLanguage\":\"es\",\"potentialAction\":[{\"@type\":\"ReadAction\",\"target\":[\"https:\\\/\\\/muchohop.com\\\/es\\\/contenido\\\/destinos\\\/\"]}]},{\"@type\":\"BreadcrumbList\",\"@id\":\"https:\\\/\\\/muchohop.com\\\/es\\\/contenido\\\/destinos\\\/#breadcrumb\",\"itemListElement\":[{\"@type\":\"ListItem\",\"position\":1,\"name\":\"Home\",\"item\":\"https:\\\/\\\/muchohop.com\\\/es\\\/\"},{\"@type\":\"ListItem\",\"position\":2,\"name\":\"Contenido\",\"item\":\"https:\\\/\\\/muchohop.com\\\/es\\\/contenido\\\/\"},{\"@type\":\"ListItem\",\"position\":3,\"name\":\"Destinos\"}]},{\"@type\":\"WebSite\",\"@id\":\"https:\\\/\\\/muchohop.com\\\/#website\",\"url\":\"https:\\\/\\\/muchohop.com\\\/\",\"name\":\"MuchoHop\",\"description\":\"Travel Blog\",\"publisher\":{\"@id\":\"https:\\\/\\\/muchohop.com\\\/#organization\"},\"potentialAction\":[{\"@type\":\"SearchAction\",\"target\":{\"@type\":\"EntryPoint\",\"urlTemplate\":\"https:\\\/\\\/muchohop.com\\\/?s={search_term_string}\"},\"query-input\":{\"@type\":\"PropertyValueSpecification\",\"valueRequired\":true,\"valueName\":\"search_term_string\"}}],\"inLanguage\":\"es\"},{\"@type\":\"Organization\",\"@id\":\"https:\\\/\\\/muchohop.com\\\/#organization\",\"name\":\"Muchohop\",\"url\":\"https:\\\/\\\/muchohop.com\\\/\",\"logo\":{\"@type\":\"ImageObject\",\"inLanguage\":\"es\",\"@id\":\"https:\\\/\\\/muchohop.com\\\/#\\\/schema\\\/logo\\\/image\\\/\",\"url\":\"https:\\\/\\\/muchohop.com\\\/wp-content\\\/uploads\\\/2021\\\/02\\\/2020-LOGO-MH-SUITCASE-AIRPORT-sm.jpg\",\"contentUrl\":\"https:\\\/\\\/muchohop.com\\\/wp-content\\\/uploads\\\/2021\\\/02\\\/2020-LOGO-MH-SUITCASE-AIRPORT-sm.jpg\",\"width\":200,\"height\":148,\"caption\":\"Muchohop\"},\"image\":{\"@id\":\"https:\\\/\\\/muchohop.com\\\/#\\\/schema\\\/logo\\\/image\\\/\"}}]}<\/script>\n<!-- \/ Yoast SEO plugin. -->","yoast_head_json":{"title":"Destinos - MuchoHop","description":"Nuestro primer Destino es Mundo Hopper \u00a1la nueva p\u00e1gina web de MuchoHop!, un sitio m\u00e1s personal para hablar entre nosotros. Os voy a ense\u00f1ar diferentes aspectos de lo que es viajar, no solo en formato de v\u00eddeo, y espero que sea un sitio donde se aclaren vuestras dudas. Ah, y os recuerdo que Mucho Hopper \u00a1\u00a1viene en dos idiomas!! Ten\u00e9is la oportunidad de practicar vuestro Ingl\u00e9s y Espa\u00f1ol ? En Espa\u00f1ol: www.muchohop.com\/es y en Ingl\u00e9s: www.muchohop.com","robots":{"index":"index","follow":"follow","max-snippet":"max-snippet:-1","max-image-preview":"max-image-preview:large","max-video-preview":"max-video-preview:-1"},"canonical":"https:\/\/muchohop.com\/es\/contenido\/destinos\/","og_locale":"es_ES","og_type":"article","og_title":"Destinos - MuchoHop","og_description":"Nuestro primer Destino es Mundo Hopper \u00a1la nueva p\u00e1gina web de MuchoHop!, un sitio m\u00e1s personal para hablar entre nosotros. Os voy a ense\u00f1ar diferentes aspectos de lo que es viajar, no solo en formato de v\u00eddeo, y espero que sea un sitio donde se aclaren vuestras dudas. Ah, y os recuerdo que Mucho Hopper \u00a1\u00a1viene en dos idiomas!! Ten\u00e9is la oportunidad de practicar vuestro Ingl\u00e9s y Espa\u00f1ol ? En Espa\u00f1ol: www.muchohop.com\/es y en Ingl\u00e9s: www.muchohop.com","og_url":"https:\/\/muchohop.com\/es\/contenido\/destinos\/","og_site_name":"MuchoHop","article_modified_time":"2021-10-15T11:37:27+00:00","twitter_card":"summary_large_image","schema":{"@context":"https:\/\/schema.org","@graph":[{"@type":"WebPage","@id":"https:\/\/muchohop.com\/es\/contenido\/destinos\/","url":"https:\/\/muchohop.com\/es\/contenido\/destinos\/","name":"Destinos - MuchoHop","isPartOf":{"@id":"https:\/\/muchohop.com\/#website"},"datePublished":"2020-12-11T12:44:39+00:00","dateModified":"2021-10-15T11:37:27+00:00","description":"Nuestro primer Destino es Mundo Hopper \u00a1la nueva p\u00e1gina web de MuchoHop!, un sitio m\u00e1s personal para hablar entre nosotros. Os voy a ense\u00f1ar diferentes aspectos de lo que es viajar, no solo en formato de v\u00eddeo, y espero que sea un sitio donde se aclaren vuestras dudas. Ah, y os recuerdo que Mucho Hopper \u00a1\u00a1viene en dos idiomas!! Ten\u00e9is la oportunidad de practicar vuestro Ingl\u00e9s y Espa\u00f1ol ? En Espa\u00f1ol: www.muchohop.com\/es y en Ingl\u00e9s: www.muchohop.com","breadcrumb":{"@id":"https:\/\/muchohop.com\/es\/contenido\/destinos\/#breadcrumb"},"inLanguage":"es","potentialAction":[{"@type":"ReadAction","target":["https:\/\/muchohop.com\/es\/contenido\/destinos\/"]}]},{"@type":"BreadcrumbList","@id":"https:\/\/muchohop.com\/es\/contenido\/destinos\/#breadcrumb","itemListElement":[{"@type":"ListItem","position":1,"name":"Home","item":"https:\/\/muchohop.com\/es\/"},{"@type":"ListItem","position":2,"name":"Contenido","item":"https:\/\/muchohop.com\/es\/contenido\/"},{"@type":"ListItem","position":3,"name":"Destinos"}]},{"@type":"WebSite","@id":"https:\/\/muchohop.com\/#website","url":"https:\/\/muchohop.com\/","name":"MuchoHop","description":"Travel Blog","publisher":{"@id":"https:\/\/muchohop.com\/#organization"},"potentialAction":[{"@type":"SearchAction","target":{"@type":"EntryPoint","urlTemplate":"https:\/\/muchohop.com\/?s={search_term_string}"},"query-input":{"@type":"PropertyValueSpecification","valueRequired":true,"valueName":"search_term_string"}}],"inLanguage":"es"},{"@type":"Organization","@id":"https:\/\/muchohop.com\/#organization","name":"Muchohop","url":"https:\/\/muchohop.com\/","logo":{"@type":"ImageObject","inLanguage":"es","@id":"https:\/\/muchohop.com\/#\/schema\/logo\/image\/","url":"https:\/\/muchohop.com\/wp-content\/uploads\/2021\/02\/2020-LOGO-MH-SUITCASE-AIRPORT-sm.jpg","contentUrl":"https:\/\/muchohop.com\/wp-content\/uploads\/2021\/02\/2020-LOGO-MH-SUITCASE-AIRPORT-sm.jpg","width":200,"height":148,"caption":"Muchohop"},"image":{"@id":"https:\/\/muchohop.com\/#\/schema\/logo\/image\/"}}]}},"acf":[],"_links":{"self":[{"href":"https:\/\/muchohop.com\/es\/wp-json\/wp\/v2\/pages\/4708","targetHints":{"allow":["GET"]}}],"collection":[{"href":"https:\/\/muchohop.com\/es\/wp-json\/wp\/v2\/pages"}],"about":[{"href":"https:\/\/muchohop.com\/es\/wp-json\/wp\/v2\/types\/page"}],"author":[{"embeddable":true,"href":"https:\/\/muchohop.com\/es\/wp-json\/wp\/v2\/users\/1"}],"replies":[{"embeddable":true,"href":"https:\/\/muchohop.com\/es\/wp-json\/wp\/v2\/comments?post=4708"}],"version-history":[{"count":0,"href":"https:\/\/muchohop.com\/es\/wp-json\/wp\/v2\/pages\/4708\/revisions"}],"up":[{"embeddable":true,"href":"https:\/\/muchohop.com\/es\/wp-json\/wp\/v2\/pages\/4707"}],"wp:attachment":[{"href":"https:\/\/muchohop.com\/es\/wp-json\/wp\/v2\/media?parent=4708"}],"curies":[{"name":"wp","href":"https:\/\/api.w.org\/{rel}","templated":true}]}}