{"id":4710,"date":"2020-12-14T10:20:55","date_gmt":"2020-12-14T09:20:55","guid":{"rendered":"https:\/\/muchohop.com\/contenido\/faq\/"},"modified":"2021-01-15T17:10:44","modified_gmt":"2021-01-15T16:10:44","slug":"faq","status":"publish","type":"page","link":"https:\/\/muchohop.com\/es\/contenido\/faq\/","title":{"rendered":"FAQ"},"content":{"rendered":"<div class=\"mai-grid entries entries-grid has-boxed has-image-full\" style=\"--entry-title-font-size:var(--font-size-lg);--align-text:start;--entry-meta-text-align:start;\"><div class=\"entries-wrap has-columns\" style=\"--columns-xs:1\/1;--columns-sm:1\/1;--columns-md:1\/1;--columns-lg:1\/1;--flex-xs:0 0 var(--flex-basis);--flex-sm:0 0 var(--flex-basis);--flex-md:0 0 var(--flex-basis);--flex-lg:0 0 var(--flex-basis);--column-gap:var(--spacing-lg);--row-gap:var(--spacing-lg);--align-columns:start;\"><article class=\"entry entry-grid is-column has-entry-link has-image has-image-first type-post category-faqs-es\" style=\"--entry-index:1;\" aria-label=\"\u00bfDe donde viene el t\u00e9rmino \u201cHoppers\u201d?\"><a class=\"entry-image-link\" href=\"https:\/\/muchohop.com\/es\/de-donde-viene-el-termino-hoppers\/\" tabindex=\"-1\" aria-hidden=\"true\"><img loading=\"lazy\" decoding=\"async\" width=\"400\" height=\"225\" src=\"https:\/\/muchohop.com\/wp-content\/uploads\/2020\/12\/hoppers.jpg\" class=\"entry-image size-landscape-sm\" alt=\"\" srcset=\"https:\/\/muchohop.com\/wp-content\/uploads\/2020\/12\/hoppers-600x338.jpg 600w, https:\/\/muchohop.com\/wp-content\/uploads\/2020\/12\/hoppers.jpg 1600w\" sizes=\"auto, (max-width:599px) 599px, (min-width:600px) and (max-width: 799px) 799px, (min-width:800px) and (max-width: 999px) 999px, (min-width:1000px) 1200px\" \/><\/a><div class=\"entry-wrap entry-wrap-grid\"><h3 class=\"entry-title\"><a class=\"entry-title-link\" href=\"https:\/\/muchohop.com\/es\/de-donde-viene-el-termino-hoppers\/\" rel=\"bookmark\">\u00bfDe donde viene el t\u00e9rmino \u201cHoppers\u201d?<\/a><\/h3>\n<div class=\"entry-excerpt\"><p>Cuando estaba buscando un nombre para mi canal de YouTube, quer\u00eda que fuera una combinaci\u00f3n de espa\u00f1ol e ingl\u00e9s, ya que esa soy yo. En mi vida he viajado \u201cmucho\u201d de un sitio a otro, y me acord\u00e9 que en ingl\u00e9s hay la expresi\u00f3n para esto mismo \u201cto HOP from one place to another\u201d.&nbsp; Junt\u00e9 &hellip;<\/p>\n<\/div><div class=\"entry-more\"><a class=\"entry-more-link button button-secondary button-small\" href=\"https:\/\/muchohop.com\/es\/de-donde-viene-el-termino-hoppers\/\">Leer m\u00e1s<span class=\"screen-reader-text\">\u00bfDe donde viene el t\u00e9rmino \u201cHoppers\u201d?<\/span><\/a><\/div><\/div><\/article><article class=\"entry entry-grid is-column has-entry-link has-image has-image-first type-post category-faqs-es\" style=\"--entry-index:2;\" aria-label=\"\u00bfC\u00f3mo s\u00e9 desde qu\u00e9 terminal sale mi vuelo?\"><a class=\"entry-image-link\" href=\"https:\/\/muchohop.com\/es\/como-se-desde-que-terminal-sale-mi-vuelo\/\" tabindex=\"-1\" aria-hidden=\"true\"><img loading=\"lazy\" decoding=\"async\" width=\"400\" height=\"300\" src=\"https:\/\/muchohop.com\/wp-content\/uploads\/2021\/10\/FOTO-CONTENIDO-PREGUNTA-2-FRA-4x3-1-400x300.jpg\" class=\"entry-image size-landscape-sm\" alt=\"\" srcset=\"https:\/\/muchohop.com\/wp-content\/uploads\/2021\/10\/FOTO-CONTENIDO-PREGUNTA-2-FRA-4x3-1-300x225.jpg 300w, https:\/\/muchohop.com\/wp-content\/uploads\/2021\/10\/FOTO-CONTENIDO-PREGUNTA-2-FRA-4x3-1-400x300.jpg 400w, https:\/\/muchohop.com\/wp-content\/uploads\/2021\/10\/FOTO-CONTENIDO-PREGUNTA-2-FRA-4x3-1-600x450.jpg 600w, https:\/\/muchohop.com\/wp-content\/uploads\/2021\/10\/FOTO-CONTENIDO-PREGUNTA-2-FRA-4x3-1-768x576.jpg 768w, https:\/\/muchohop.com\/wp-content\/uploads\/2021\/10\/FOTO-CONTENIDO-PREGUNTA-2-FRA-4x3-1-800x600.jpg 800w, https:\/\/muchohop.com\/wp-content\/uploads\/2021\/10\/FOTO-CONTENIDO-PREGUNTA-2-FRA-4x3-1-1024x768.jpg 1024w, https:\/\/muchohop.com\/wp-content\/uploads\/2021\/10\/FOTO-CONTENIDO-PREGUNTA-2-FRA-4x3-1-1200x900.jpg 1200w, https:\/\/muchohop.com\/wp-content\/uploads\/2021\/10\/FOTO-CONTENIDO-PREGUNTA-2-FRA-4x3-1-1536x1152.jpg 1536w, https:\/\/muchohop.com\/wp-content\/uploads\/2021\/10\/FOTO-CONTENIDO-PREGUNTA-2-FRA-4x3-1-2048x1536.jpg 2048w\" sizes=\"auto, (max-width:599px) 599px, (min-width:600px) and (max-width: 799px) 799px, (min-width:800px) and (max-width: 999px) 999px, (min-width:1000px) 1200px\" \/><\/a><div class=\"entry-wrap entry-wrap-grid\"><h3 class=\"entry-title\"><a class=\"entry-title-link\" href=\"https:\/\/muchohop.com\/es\/como-se-desde-que-terminal-sale-mi-vuelo\/\" rel=\"bookmark\">\u00bfC\u00f3mo s\u00e9 desde qu\u00e9 terminal sale mi vuelo?<\/a><\/h3>\n<div class=\"entry-excerpt\"><p>Muy buena pregunta, sobre todo ahora durante la pandemia de COVID. A veces el n\u00famero de la terminal aparece en tu tarjeta de embarque o en el correo electr\u00f3nico de confirmaci\u00f3n al comprar el billete de avi\u00f3n. Si no lo ves, tendr\u00e1s que investigar un poco. En el Aeropuerto de Frankfurt todos los vuelos de &hellip;<\/p>\n<\/div><div class=\"entry-more\"><a class=\"entry-more-link button button-secondary button-small\" href=\"https:\/\/muchohop.com\/es\/como-se-desde-que-terminal-sale-mi-vuelo\/\">Leer m\u00e1s<span class=\"screen-reader-text\">\u00bfC\u00f3mo s\u00e9 desde qu\u00e9 terminal sale mi vuelo?<\/span><\/a><\/div><\/div><\/article><\/div><\/div>","protected":false},"excerpt":{"rendered":"","protected":false},"author":1,"featured_media":0,"parent":4707,"menu_order":0,"comment_status":"closed","ping_status":"closed","template":"","meta":{"_acf_changed":false,"_genesis_hide_title":false,"_genesis_hide_breadcrumbs":false,"_genesis_hide_singular_image":false,"_genesis_hide_footer_widgets":false,"_genesis_custom_body_class":"","_genesis_custom_post_class":"","_genesis_layout":"","footnotes":""},"class_list":{"1":"page","2":"type-page","5":"entry"},"yoast_head":"<!-- This site is optimized with the Yoast SEO plugin v27.4 - https:\/\/yoast.com\/product\/yoast-seo-wordpress\/ -->\n<title>FAQ - MuchoHop<\/title>\n<meta name=\"robots\" content=\"index, follow, max-snippet:-1, max-image-preview:large, max-video-preview:-1\" \/>\n<link rel=\"canonical\" href=\"https:\/\/muchohop.com\/es\/contenido\/faq\/\" \/>\n<meta property=\"og:locale\" content=\"es_ES\" \/>\n<meta property=\"og:type\" content=\"article\" \/>\n<meta property=\"og:title\" content=\"FAQ - MuchoHop\" \/>\n<meta property=\"og:url\" content=\"https:\/\/muchohop.com\/es\/contenido\/faq\/\" \/>\n<meta property=\"og:site_name\" content=\"MuchoHop\" \/>\n<meta property=\"article:modified_time\" content=\"2021-01-15T16:10:44+00:00\" \/>\n<meta name=\"twitter:card\" content=\"summary_large_image\" \/>\n<script type=\"application\/ld+json\" class=\"yoast-schema-graph\">{\"@context\":\"https:\\\/\\\/schema.org\",\"@graph\":[{\"@type\":\"WebPage\",\"@id\":\"https:\\\/\\\/muchohop.com\\\/es\\\/contenido\\\/faq\\\/\",\"url\":\"https:\\\/\\\/muchohop.com\\\/es\\\/contenido\\\/faq\\\/\",\"name\":\"FAQ - MuchoHop\",\"isPartOf\":{\"@id\":\"https:\\\/\\\/muchohop.com\\\/#website\"},\"datePublished\":\"2020-12-14T09:20:55+00:00\",\"dateModified\":\"2021-01-15T16:10:44+00:00\",\"breadcrumb\":{\"@id\":\"https:\\\/\\\/muchohop.com\\\/es\\\/contenido\\\/faq\\\/#breadcrumb\"},\"inLanguage\":\"es\",\"potentialAction\":[{\"@type\":\"ReadAction\",\"target\":[\"https:\\\/\\\/muchohop.com\\\/es\\\/contenido\\\/faq\\\/\"]}]},{\"@type\":\"BreadcrumbList\",\"@id\":\"https:\\\/\\\/muchohop.com\\\/es\\\/contenido\\\/faq\\\/#breadcrumb\",\"itemListElement\":[{\"@type\":\"ListItem\",\"position\":1,\"name\":\"Home\",\"item\":\"https:\\\/\\\/muchohop.com\\\/es\\\/\"},{\"@type\":\"ListItem\",\"position\":2,\"name\":\"Contenido\",\"item\":\"https:\\\/\\\/muchohop.com\\\/es\\\/contenido\\\/\"},{\"@type\":\"ListItem\",\"position\":3,\"name\":\"FAQ\"}]},{\"@type\":\"WebSite\",\"@id\":\"https:\\\/\\\/muchohop.com\\\/#website\",\"url\":\"https:\\\/\\\/muchohop.com\\\/\",\"name\":\"MuchoHop\",\"description\":\"Travel Blog\",\"publisher\":{\"@id\":\"https:\\\/\\\/muchohop.com\\\/#organization\"},\"potentialAction\":[{\"@type\":\"SearchAction\",\"target\":{\"@type\":\"EntryPoint\",\"urlTemplate\":\"https:\\\/\\\/muchohop.com\\\/?s={search_term_string}\"},\"query-input\":{\"@type\":\"PropertyValueSpecification\",\"valueRequired\":true,\"valueName\":\"search_term_string\"}}],\"inLanguage\":\"es\"},{\"@type\":\"Organization\",\"@id\":\"https:\\\/\\\/muchohop.com\\\/#organization\",\"name\":\"Muchohop\",\"url\":\"https:\\\/\\\/muchohop.com\\\/\",\"logo\":{\"@type\":\"ImageObject\",\"inLanguage\":\"es\",\"@id\":\"https:\\\/\\\/muchohop.com\\\/#\\\/schema\\\/logo\\\/image\\\/\",\"url\":\"https:\\\/\\\/muchohop.com\\\/wp-content\\\/uploads\\\/2021\\\/02\\\/2020-LOGO-MH-SUITCASE-AIRPORT-sm.jpg\",\"contentUrl\":\"https:\\\/\\\/muchohop.com\\\/wp-content\\\/uploads\\\/2021\\\/02\\\/2020-LOGO-MH-SUITCASE-AIRPORT-sm.jpg\",\"width\":200,\"height\":148,\"caption\":\"Muchohop\"},\"image\":{\"@id\":\"https:\\\/\\\/muchohop.com\\\/#\\\/schema\\\/logo\\\/image\\\/\"}}]}<\/script>\n<!-- \/ Yoast SEO plugin. -->","yoast_head_json":{"title":"FAQ - MuchoHop","robots":{"index":"index","follow":"follow","max-snippet":"max-snippet:-1","max-image-preview":"max-image-preview:large","max-video-preview":"max-video-preview:-1"},"canonical":"https:\/\/muchohop.com\/es\/contenido\/faq\/","og_locale":"es_ES","og_type":"article","og_title":"FAQ - MuchoHop","og_url":"https:\/\/muchohop.com\/es\/contenido\/faq\/","og_site_name":"MuchoHop","article_modified_time":"2021-01-15T16:10:44+00:00","twitter_card":"summary_large_image","schema":{"@context":"https:\/\/schema.org","@graph":[{"@type":"WebPage","@id":"https:\/\/muchohop.com\/es\/contenido\/faq\/","url":"https:\/\/muchohop.com\/es\/contenido\/faq\/","name":"FAQ - MuchoHop","isPartOf":{"@id":"https:\/\/muchohop.com\/#website"},"datePublished":"2020-12-14T09:20:55+00:00","dateModified":"2021-01-15T16:10:44+00:00","breadcrumb":{"@id":"https:\/\/muchohop.com\/es\/contenido\/faq\/#breadcrumb"},"inLanguage":"es","potentialAction":[{"@type":"ReadAction","target":["https:\/\/muchohop.com\/es\/contenido\/faq\/"]}]},{"@type":"BreadcrumbList","@id":"https:\/\/muchohop.com\/es\/contenido\/faq\/#breadcrumb","itemListElement":[{"@type":"ListItem","position":1,"name":"Home","item":"https:\/\/muchohop.com\/es\/"},{"@type":"ListItem","position":2,"name":"Contenido","item":"https:\/\/muchohop.com\/es\/contenido\/"},{"@type":"ListItem","position":3,"name":"FAQ"}]},{"@type":"WebSite","@id":"https:\/\/muchohop.com\/#website","url":"https:\/\/muchohop.com\/","name":"MuchoHop","description":"Travel Blog","publisher":{"@id":"https:\/\/muchohop.com\/#organization"},"potentialAction":[{"@type":"SearchAction","target":{"@type":"EntryPoint","urlTemplate":"https:\/\/muchohop.com\/?s={search_term_string}"},"query-input":{"@type":"PropertyValueSpecification","valueRequired":true,"valueName":"search_term_string"}}],"inLanguage":"es"},{"@type":"Organization","@id":"https:\/\/muchohop.com\/#organization","name":"Muchohop","url":"https:\/\/muchohop.com\/","logo":{"@type":"ImageObject","inLanguage":"es","@id":"https:\/\/muchohop.com\/#\/schema\/logo\/image\/","url":"https:\/\/muchohop.com\/wp-content\/uploads\/2021\/02\/2020-LOGO-MH-SUITCASE-AIRPORT-sm.jpg","contentUrl":"https:\/\/muchohop.com\/wp-content\/uploads\/2021\/02\/2020-LOGO-MH-SUITCASE-AIRPORT-sm.jpg","width":200,"height":148,"caption":"Muchohop"},"image":{"@id":"https:\/\/muchohop.com\/#\/schema\/logo\/image\/"}}]}},"acf":[],"_links":{"self":[{"href":"https:\/\/muchohop.com\/es\/wp-json\/wp\/v2\/pages\/4710","targetHints":{"allow":["GET"]}}],"collection":[{"href":"https:\/\/muchohop.com\/es\/wp-json\/wp\/v2\/pages"}],"about":[{"href":"https:\/\/muchohop.com\/es\/wp-json\/wp\/v2\/types\/page"}],"author":[{"embeddable":true,"href":"https:\/\/muchohop.com\/es\/wp-json\/wp\/v2\/users\/1"}],"replies":[{"embeddable":true,"href":"https:\/\/muchohop.com\/es\/wp-json\/wp\/v2\/comments?post=4710"}],"version-history":[{"count":0,"href":"https:\/\/muchohop.com\/es\/wp-json\/wp\/v2\/pages\/4710\/revisions"}],"up":[{"embeddable":true,"href":"https:\/\/muchohop.com\/es\/wp-json\/wp\/v2\/pages\/4707"}],"wp:attachment":[{"href":"https:\/\/muchohop.com\/es\/wp-json\/wp\/v2\/media?parent=4710"}],"curies":[{"name":"wp","href":"https:\/\/api.w.org\/{rel}","templated":true}]}}