{"id":5732,"date":"2021-01-18T09:54:51","date_gmt":"2021-01-18T08:54:51","guid":{"rendered":"https:\/\/muchohop.com\/privacy-policy\/"},"modified":"2021-05-29T13:03:02","modified_gmt":"2021-05-29T12:03:02","slug":"privacidad","status":"publish","type":"page","link":"https:\/\/muchohop.com\/es\/privacidad\/","title":{"rendered":"Pol\u00edtica de Privacidad"},"content":{"rendered":"\n<p><strong>INFORMACI\u00d3N ADICIONAL SOBRE EL TRATAMIENTO DE DATOS DE CAR\u00c1CTER PERSONAL (CUMPLIMIENTO DEL RGPD 2016\/679)<\/strong><\/p>\n\n\n\n<p><strong>\u00bfQui\u00e9n es el responsable del tratamiento?<\/strong><br>Identidad: Ana Eiroa (MuchoHop)<br>Direcci\u00f3n: Calle Benito Blanco Rajoy, 7 &#8211; 1\u00ba, 15006 A Coru\u00f1a, Espa\u00f1a<br>Correo electr\u00f3nico: \u00a0hopper[at]muchohop.com<\/p>\n\n\n\n<p><strong>\u00bfCon qu\u00e9 finalidad tratamos sus datos?<\/strong><br>Recopilamos diversos datos de car\u00e1cter personal para distintos tratamientos, cada uno de ellos con finalidades concretas.<\/p>\n\n\n\n<ul class=\"wp-block-list\"><li>Los datos recogidos mediante el enlace de contacto que figura en nuestra web en la secci\u00f3n con el mismo nombre se tratan con la finalidad de atender su consulta.<\/li><li>Cuando intercambiamos correos electr\u00f3nicos, los datos que se puedan incluir en los mismos incluso en archivos adjuntos se incorporan en su caso a tratamientos de datos con la finalidad de atender las solicitudes relacionados con la consulta o petici\u00f3n realizada. \u00a0La informaci\u00f3n intercambiada es confidencial y no puede ser revelada a personas no autorizadas.<\/li><li>Cuando los visitantes de la web dejan comentarios en el sitio, recopilamos los datos que se muestran en el formulario de comentarios, y tambi\u00e9n la direcci\u00f3n IP del visitante y los datos del navegador del usuario para ayudar a la detecci\u00f3n de spam. Tambi\u00e9n se puede proporcionar una cadena identificativa de car\u00e1cter an\u00f3nimo, creada a partir de su direcci\u00f3n de correo electr\u00f3nico (tambi\u00e9n llamada hash), al servicio Gravatar para ver si la est\u00e1 utilizando. La pol\u00edtica de privacidad del servicio Gravatar est\u00e1 disponible aqu\u00ed: https:\/\/automattic.com\/privacy\/. Despu\u00e9s de la aprobaci\u00f3n de su comentario, su imagen de perfil ser\u00e1 visible al p\u00fablico en el contexto de su comentario.<\/li><li>Cuando te registras como usuario de la web obtenemos tus datos con la finalidad de facilitarte el acceso al contenido y funcionalidades completa de la web.<\/li><li>En caso de que nos autorices usaremos tus datos de correo electr\u00f3nico para crear una maillist y enviarte informaci\u00f3n personalizada sobre nuestros contenidos.<\/li><\/ul>\n\n\n\n<p><strong>Cookies<\/strong><br>Si dejas un comentario en nuestro sitio, puedes optar por guardar tu nombre, direcci\u00f3n de correo electr\u00f3nico y sitio web mediante el uso de cookies. Esto se hace para que no tengas que completar estos datos nuevamente cuando dejes otro comentario. Estas cookies durar\u00e1n un a\u00f1o.<\/p>\n\n\n\n<p>Si tienes una cuenta e inicias sesi\u00f3n en este sitio, estableceremos una cookie temporal para determinar si tu navegador acepta cookies. Esta cookie no contiene datos personales y se elimina al cerrar su navegador.<\/p>\n\n\n\n<p>Cuando inicies sesi\u00f3n, tambi\u00e9n configuraremos varias cookies para guardar tu informaci\u00f3n de inicio de sesi\u00f3n y las opciones de visualizaci\u00f3n de pantalla. Las cookies de inicio de sesi\u00f3n duran dos d\u00edas y las cookies de opciones de pantalla duran un a\u00f1o. Si seleccionas \u00abRecordarme\u00bb, el inicio de sesi\u00f3n persistir\u00e1 durante dos semanas. Si te desconectas de su cuenta, se eliminar\u00e1n las cookies de inicio de sesi\u00f3n.<\/p>\n\n\n\n<p>Si editas o publicas un art\u00edculo, se guardar\u00e1 una cookie adicional en tu navegador. Esta cookie no incluye datos personales y simplemente indica el ID de publicaci\u00f3n del art\u00edculo que acaba de editar. Vence despu\u00e9s de 1 d\u00eda.<\/p>\n\n\n\n<p><strong>\u00bfCu\u00e1l es la legitimaci\u00f3n para el tratamiento de sus datos?<\/strong><br>En el caso del tratamiento de datos a trav\u00e9s del enlace de contacto o del formulario de solicitud de contacto la legitimaci\u00f3n se basa en el cumplimiento de una solicitud por parte del interesado y el inter\u00e9s leg\u00edtimo del Responsable del Tratamiento.<\/p>\n\n\n\n<p>La legitimaci\u00f3n para el tratamiento de datos a trav\u00e9s de las cookies es el consentimiento del usuario.<\/p>\n\n\n\n<p><strong>\u00bfPor cu\u00e1nto tiempo se conservan sus datos?<\/strong><br>Los datos recogidos a trav\u00e9s del enlace de contacto no se conservar\u00e1n durante m\u00e1s de dos a\u00f1os.<\/p>\n\n\n\n<p>Los datos intercambiados a trav\u00e9s del correo electr\u00f3nico se conservar\u00e1n al menos durante 5 a\u00f1os. Una vez pasado este plazo ser\u00e1n destruidos.<\/p>\n\n\n\n<p><strong>\u00bfA qui\u00e9n se comunican sus datos?<\/strong><br>Los datos recopilados a trav\u00e9s de nuestra p\u00e1gina web (alojada en territorio de la U.E.) mediante el enlace de contacto o formularios, son recibidos a trav\u00e9s de un servicio de correo que usa Gmail. Google Inc es una empresa estadounidense adherida al protocolo Privacy Shield con un nivel de seguridad adecuado. &nbsp;<\/p>\n\n\n\n<p>En cualquier caso podremos comunicar tus datos a terceros dentro de los supuestos legalmente previstos.<\/p>\n\n\n\n<p><strong>\u00bfCu\u00e1les son sus derechos?<\/strong><br>El titular de los datos tiene derecho a:<\/p>\n\n\n\n<ul class=\"wp-block-list\"><li>Acceder a sus datos<\/li><li>Rectificar sus datos<\/li><li>Suprimir sus datos<\/li><li>Portar sus datos a otro Responsable<\/li><li>Oponerse a todo o parte del tratamiento<\/li><li>Limitar el uso de sus datos personales<\/li><\/ul>\n\n\n\n<p>En caso de no satisfacer sus derechos, puede presentar reclamaci\u00f3n ante la Autoridad de Protecci\u00f3n de Datos en C\/ Jorge Juan 6, 28001, Madrid.<\/p>\n\n\n\n<p><strong>Debes saber que<\/strong><\/p>\n\n\n\n<ul class=\"wp-block-list\"><li>Si subes im\u00e1genes a este sitio web, debes evitar subir im\u00e1genes con datos de ubicaci\u00f3n incrustados (GPS EXIF) incluidos. Los visitantes del sitio web pueden descargar y extraer los datos de ubicaci\u00f3n de las im\u00e1genes de esta p\u00e1gina.<\/li><li>Los art\u00edculos de este sitio pueden incluir contenido incrustado (por ejemplo, videos, im\u00e1genes, art\u00edculos, etc.). El contenido incorporado de otros sitios web se comporta de la misma manera que si el visitante hubiera visitado el otro sitio web. Estos sitios web pueden recopilar datos sobre ti, usar cookies, incrustar el seguimiento de terceros y monitorear tu interacci\u00f3n con ese contenido incrustado, incluido el seguimiento de tu interacci\u00f3n con el contenido incrustado si tienes una cuenta y est\u00e1s registrado en ese sitio web de terceros.<\/li><\/ul>\n","protected":false},"excerpt":{"rendered":"<p>INFORMACI\u00d3N ADICIONAL SOBRE EL TRATAMIENTO DE DATOS DE CAR\u00c1CTER PERSONAL (CUMPLIMIENTO DEL RGPD 2016\/679) \u00bfQui\u00e9n es el responsable del tratamiento?Identidad: Ana Eiroa (MuchoHop)Direcci\u00f3n: Calle Benito Blanco Rajoy, 7 &#8211; 1\u00ba, 15006 A Coru\u00f1a, Espa\u00f1aCorreo electr\u00f3nico: \u00a0hopper[at]muchohop.com \u00bfCon qu\u00e9 finalidad tratamos sus datos?Recopilamos diversos datos de car\u00e1cter personal para distintos tratamientos, cada uno de ellos con &hellip;<\/p>\n","protected":false},"author":3,"featured_media":0,"parent":0,"menu_order":0,"comment_status":"closed","ping_status":"closed","template":"","meta":{"_acf_changed":false,"_genesis_hide_title":false,"_genesis_hide_breadcrumbs":false,"_genesis_hide_singular_image":false,"_genesis_hide_footer_widgets":false,"_genesis_custom_body_class":"","_genesis_custom_post_class":"","_genesis_layout":"","footnotes":""},"class_list":{"1":"page","2":"type-page","5":"entry"},"yoast_head":"<!-- This site is optimized with the Yoast SEO plugin v27.3 - https:\/\/yoast.com\/product\/yoast-seo-wordpress\/ -->\n<title>Pol\u00edtica de Privacidad - MuchoHop<\/title>\n<meta name=\"description\" content=\"INFORMACI\u00d3N ADICIONAL SOBRE EL TRATAMIENTO DE DATOS DE CAR\u00c1CTER PERSONAL (CUMPLIMIENTO DEL RGPD 2016\/679) \u00bfCon qu\u00e9 finalidad tratamos sus datos? Recopilamos diversos datos de car\u00e1cter personal para distintos tratamientos, cada uno de ellos con finalidades concretas. Los datos recogidos mediante el enlace de contacto que figura en nuestra web en la secci\u00f3n con el mismo nombre se tratan con la finalidad de atender su consulta. Cuando intercambiamos correos electr\u00f3nicos, los datos que se puedan incluir en los mismos incluso en archivos adjuntos se incorporan en su caso a tratamientos de datos con la finalidad de atender las solicitudes relacionados con la consulta o petici\u00f3n realizada. La informaci\u00f3n intercambiada es confidencial y no puede ser revelada a personas no autorizadas. Cuando los visitantes de la web dejan comentarios en el sitio, recopilamos los datos que se muestran en el formulario de comentarios, y tambi\u00e9n la direcci\u00f3n IP del visitante y los datos del navegador del usuario para ayudar a la detecci\u00f3n de spam. Tambi\u00e9n se puede proporcionar una cadena identificativa de car\u00e1cter an\u00f3nimo, creada a partir de su direcci\u00f3n de correo electr\u00f3nico (tambi\u00e9n llamada hash), al servicio Gravatar para ver si la est\u00e1 utilizando. La pol\u00edtica de privacidad del servicio Gravatar est\u00e1 disponible aqu\u00ed: https:\/\/automattic.com\/privacy\/. Despu\u00e9s de la aprobaci\u00f3n de su comentario, su imagen de perfil ser\u00e1 visible al p\u00fablico en el contexto de su comentario. Cuando te registras como usuario de la web obtenemos tus datos con la finalidad de facilitarte el acceso al contenido y funcionalidades completa de la web. En caso de que nos autorices usaremos tus datos de correo electr\u00f3nico para crear una maillist y enviarte informaci\u00f3n personalizada sobre nuestros contenidos.\" \/>\n<meta name=\"robots\" content=\"index, follow, max-snippet:-1, max-image-preview:large, max-video-preview:-1\" \/>\n<link rel=\"canonical\" href=\"https:\/\/muchohop.com\/es\/privacidad\/\" \/>\n<meta property=\"og:locale\" content=\"es_ES\" \/>\n<meta property=\"og:type\" content=\"article\" \/>\n<meta property=\"og:title\" content=\"Pol\u00edtica de Privacidad - MuchoHop\" \/>\n<meta property=\"og:description\" content=\"INFORMACI\u00d3N ADICIONAL SOBRE EL TRATAMIENTO DE DATOS DE CAR\u00c1CTER PERSONAL (CUMPLIMIENTO DEL RGPD 2016\/679) \u00bfCon qu\u00e9 finalidad tratamos sus datos? Recopilamos diversos datos de car\u00e1cter personal para distintos tratamientos, cada uno de ellos con finalidades concretas. Los datos recogidos mediante el enlace de contacto que figura en nuestra web en la secci\u00f3n con el mismo nombre se tratan con la finalidad de atender su consulta. Cuando intercambiamos correos electr\u00f3nicos, los datos que se puedan incluir en los mismos incluso en archivos adjuntos se incorporan en su caso a tratamientos de datos con la finalidad de atender las solicitudes relacionados con la consulta o petici\u00f3n realizada. La informaci\u00f3n intercambiada es confidencial y no puede ser revelada a personas no autorizadas. Cuando los visitantes de la web dejan comentarios en el sitio, recopilamos los datos que se muestran en el formulario de comentarios, y tambi\u00e9n la direcci\u00f3n IP del visitante y los datos del navegador del usuario para ayudar a la detecci\u00f3n de spam. Tambi\u00e9n se puede proporcionar una cadena identificativa de car\u00e1cter an\u00f3nimo, creada a partir de su direcci\u00f3n de correo electr\u00f3nico (tambi\u00e9n llamada hash), al servicio Gravatar para ver si la est\u00e1 utilizando. La pol\u00edtica de privacidad del servicio Gravatar est\u00e1 disponible aqu\u00ed: https:\/\/automattic.com\/privacy\/. Despu\u00e9s de la aprobaci\u00f3n de su comentario, su imagen de perfil ser\u00e1 visible al p\u00fablico en el contexto de su comentario. Cuando te registras como usuario de la web obtenemos tus datos con la finalidad de facilitarte el acceso al contenido y funcionalidades completa de la web. En caso de que nos autorices usaremos tus datos de correo electr\u00f3nico para crear una maillist y enviarte informaci\u00f3n personalizada sobre nuestros contenidos.\" \/>\n<meta property=\"og:url\" content=\"https:\/\/muchohop.com\/es\/privacidad\/\" \/>\n<meta property=\"og:site_name\" content=\"MuchoHop\" \/>\n<meta property=\"article:modified_time\" content=\"2021-05-29T12:03:02+00:00\" \/>\n<meta name=\"twitter:card\" content=\"summary_large_image\" \/>\n<meta name=\"twitter:label1\" content=\"Tiempo de lectura\" \/>\n\t<meta name=\"twitter:data1\" content=\"4 minutos\" \/>\n<script type=\"application\/ld+json\" class=\"yoast-schema-graph\">{\"@context\":\"https:\\\/\\\/schema.org\",\"@graph\":[{\"@type\":\"WebPage\",\"@id\":\"https:\\\/\\\/muchohop.com\\\/es\\\/privacidad\\\/\",\"url\":\"https:\\\/\\\/muchohop.com\\\/es\\\/privacidad\\\/\",\"name\":\"Pol\u00edtica de Privacidad - MuchoHop\",\"isPartOf\":{\"@id\":\"https:\\\/\\\/muchohop.com\\\/#website\"},\"datePublished\":\"2021-01-18T08:54:51+00:00\",\"dateModified\":\"2021-05-29T12:03:02+00:00\",\"description\":\"INFORMACI\u00d3N ADICIONAL SOBRE EL TRATAMIENTO DE DATOS DE CAR\u00c1CTER PERSONAL (CUMPLIMIENTO DEL RGPD 2016\\\/679) \u00bfCon qu\u00e9 finalidad tratamos sus datos? Recopilamos diversos datos de car\u00e1cter personal para distintos tratamientos, cada uno de ellos con finalidades concretas. Los datos recogidos mediante el enlace de contacto que figura en nuestra web en la secci\u00f3n con el mismo nombre se tratan con la finalidad de atender su consulta. Cuando intercambiamos correos electr\u00f3nicos, los datos que se puedan incluir en los mismos incluso en archivos adjuntos se incorporan en su caso a tratamientos de datos con la finalidad de atender las solicitudes relacionados con la consulta o petici\u00f3n realizada. La informaci\u00f3n intercambiada es confidencial y no puede ser revelada a personas no autorizadas. Cuando los visitantes de la web dejan comentarios en el sitio, recopilamos los datos que se muestran en el formulario de comentarios, y tambi\u00e9n la direcci\u00f3n IP del visitante y los datos del navegador del usuario para ayudar a la detecci\u00f3n de spam. Tambi\u00e9n se puede proporcionar una cadena identificativa de car\u00e1cter an\u00f3nimo, creada a partir de su direcci\u00f3n de correo electr\u00f3nico (tambi\u00e9n llamada hash), al servicio Gravatar para ver si la est\u00e1 utilizando. La pol\u00edtica de privacidad del servicio Gravatar est\u00e1 disponible aqu\u00ed: https:\\\/\\\/automattic.com\\\/privacy\\\/. Despu\u00e9s de la aprobaci\u00f3n de su comentario, su imagen de perfil ser\u00e1 visible al p\u00fablico en el contexto de su comentario. Cuando te registras como usuario de la web obtenemos tus datos con la finalidad de facilitarte el acceso al contenido y funcionalidades completa de la web. En caso de que nos autorices usaremos tus datos de correo electr\u00f3nico para crear una maillist y enviarte informaci\u00f3n personalizada sobre nuestros contenidos.\",\"breadcrumb\":{\"@id\":\"https:\\\/\\\/muchohop.com\\\/es\\\/privacidad\\\/#breadcrumb\"},\"inLanguage\":\"es\",\"potentialAction\":[{\"@type\":\"ReadAction\",\"target\":[\"https:\\\/\\\/muchohop.com\\\/es\\\/privacidad\\\/\"]}]},{\"@type\":\"BreadcrumbList\",\"@id\":\"https:\\\/\\\/muchohop.com\\\/es\\\/privacidad\\\/#breadcrumb\",\"itemListElement\":[{\"@type\":\"ListItem\",\"position\":1,\"name\":\"Home\",\"item\":\"https:\\\/\\\/muchohop.com\\\/es\\\/\"},{\"@type\":\"ListItem\",\"position\":2,\"name\":\"Pol\u00edtica de Privacidad\"}]},{\"@type\":\"WebSite\",\"@id\":\"https:\\\/\\\/muchohop.com\\\/#website\",\"url\":\"https:\\\/\\\/muchohop.com\\\/\",\"name\":\"MuchoHop\",\"description\":\"Travel Blog\",\"publisher\":{\"@id\":\"https:\\\/\\\/muchohop.com\\\/#organization\"},\"potentialAction\":[{\"@type\":\"SearchAction\",\"target\":{\"@type\":\"EntryPoint\",\"urlTemplate\":\"https:\\\/\\\/muchohop.com\\\/?s={search_term_string}\"},\"query-input\":{\"@type\":\"PropertyValueSpecification\",\"valueRequired\":true,\"valueName\":\"search_term_string\"}}],\"inLanguage\":\"es\"},{\"@type\":\"Organization\",\"@id\":\"https:\\\/\\\/muchohop.com\\\/#organization\",\"name\":\"Muchohop\",\"url\":\"https:\\\/\\\/muchohop.com\\\/\",\"logo\":{\"@type\":\"ImageObject\",\"inLanguage\":\"es\",\"@id\":\"https:\\\/\\\/muchohop.com\\\/#\\\/schema\\\/logo\\\/image\\\/\",\"url\":\"https:\\\/\\\/muchohop.com\\\/wp-content\\\/uploads\\\/2021\\\/02\\\/2020-LOGO-MH-SUITCASE-AIRPORT-sm.jpg\",\"contentUrl\":\"https:\\\/\\\/muchohop.com\\\/wp-content\\\/uploads\\\/2021\\\/02\\\/2020-LOGO-MH-SUITCASE-AIRPORT-sm.jpg\",\"width\":200,\"height\":148,\"caption\":\"Muchohop\"},\"image\":{\"@id\":\"https:\\\/\\\/muchohop.com\\\/#\\\/schema\\\/logo\\\/image\\\/\"}}]}<\/script>\n<!-- \/ Yoast SEO plugin. -->","yoast_head_json":{"title":"Pol\u00edtica de Privacidad - MuchoHop","description":"INFORMACI\u00d3N ADICIONAL SOBRE EL TRATAMIENTO DE DATOS DE CAR\u00c1CTER PERSONAL (CUMPLIMIENTO DEL RGPD 2016\/679) \u00bfCon qu\u00e9 finalidad tratamos sus datos? Recopilamos diversos datos de car\u00e1cter personal para distintos tratamientos, cada uno de ellos con finalidades concretas. Los datos recogidos mediante el enlace de contacto que figura en nuestra web en la secci\u00f3n con el mismo nombre se tratan con la finalidad de atender su consulta. Cuando intercambiamos correos electr\u00f3nicos, los datos que se puedan incluir en los mismos incluso en archivos adjuntos se incorporan en su caso a tratamientos de datos con la finalidad de atender las solicitudes relacionados con la consulta o petici\u00f3n realizada. La informaci\u00f3n intercambiada es confidencial y no puede ser revelada a personas no autorizadas. Cuando los visitantes de la web dejan comentarios en el sitio, recopilamos los datos que se muestran en el formulario de comentarios, y tambi\u00e9n la direcci\u00f3n IP del visitante y los datos del navegador del usuario para ayudar a la detecci\u00f3n de spam. Tambi\u00e9n se puede proporcionar una cadena identificativa de car\u00e1cter an\u00f3nimo, creada a partir de su direcci\u00f3n de correo electr\u00f3nico (tambi\u00e9n llamada hash), al servicio Gravatar para ver si la est\u00e1 utilizando. La pol\u00edtica de privacidad del servicio Gravatar est\u00e1 disponible aqu\u00ed: https:\/\/automattic.com\/privacy\/. Despu\u00e9s de la aprobaci\u00f3n de su comentario, su imagen de perfil ser\u00e1 visible al p\u00fablico en el contexto de su comentario. Cuando te registras como usuario de la web obtenemos tus datos con la finalidad de facilitarte el acceso al contenido y funcionalidades completa de la web. En caso de que nos autorices usaremos tus datos de correo electr\u00f3nico para crear una maillist y enviarte informaci\u00f3n personalizada sobre nuestros contenidos.","robots":{"index":"index","follow":"follow","max-snippet":"max-snippet:-1","max-image-preview":"max-image-preview:large","max-video-preview":"max-video-preview:-1"},"canonical":"https:\/\/muchohop.com\/es\/privacidad\/","og_locale":"es_ES","og_type":"article","og_title":"Pol\u00edtica de Privacidad - MuchoHop","og_description":"INFORMACI\u00d3N ADICIONAL SOBRE EL TRATAMIENTO DE DATOS DE CAR\u00c1CTER PERSONAL (CUMPLIMIENTO DEL RGPD 2016\/679) \u00bfCon qu\u00e9 finalidad tratamos sus datos? Recopilamos diversos datos de car\u00e1cter personal para distintos tratamientos, cada uno de ellos con finalidades concretas. Los datos recogidos mediante el enlace de contacto que figura en nuestra web en la secci\u00f3n con el mismo nombre se tratan con la finalidad de atender su consulta. Cuando intercambiamos correos electr\u00f3nicos, los datos que se puedan incluir en los mismos incluso en archivos adjuntos se incorporan en su caso a tratamientos de datos con la finalidad de atender las solicitudes relacionados con la consulta o petici\u00f3n realizada. La informaci\u00f3n intercambiada es confidencial y no puede ser revelada a personas no autorizadas. Cuando los visitantes de la web dejan comentarios en el sitio, recopilamos los datos que se muestran en el formulario de comentarios, y tambi\u00e9n la direcci\u00f3n IP del visitante y los datos del navegador del usuario para ayudar a la detecci\u00f3n de spam. Tambi\u00e9n se puede proporcionar una cadena identificativa de car\u00e1cter an\u00f3nimo, creada a partir de su direcci\u00f3n de correo electr\u00f3nico (tambi\u00e9n llamada hash), al servicio Gravatar para ver si la est\u00e1 utilizando. La pol\u00edtica de privacidad del servicio Gravatar est\u00e1 disponible aqu\u00ed: https:\/\/automattic.com\/privacy\/. Despu\u00e9s de la aprobaci\u00f3n de su comentario, su imagen de perfil ser\u00e1 visible al p\u00fablico en el contexto de su comentario. Cuando te registras como usuario de la web obtenemos tus datos con la finalidad de facilitarte el acceso al contenido y funcionalidades completa de la web. En caso de que nos autorices usaremos tus datos de correo electr\u00f3nico para crear una maillist y enviarte informaci\u00f3n personalizada sobre nuestros contenidos.","og_url":"https:\/\/muchohop.com\/es\/privacidad\/","og_site_name":"MuchoHop","article_modified_time":"2021-05-29T12:03:02+00:00","twitter_card":"summary_large_image","twitter_misc":{"Tiempo de lectura":"4 minutos"},"schema":{"@context":"https:\/\/schema.org","@graph":[{"@type":"WebPage","@id":"https:\/\/muchohop.com\/es\/privacidad\/","url":"https:\/\/muchohop.com\/es\/privacidad\/","name":"Pol\u00edtica de Privacidad - MuchoHop","isPartOf":{"@id":"https:\/\/muchohop.com\/#website"},"datePublished":"2021-01-18T08:54:51+00:00","dateModified":"2021-05-29T12:03:02+00:00","description":"INFORMACI\u00d3N ADICIONAL SOBRE EL TRATAMIENTO DE DATOS DE CAR\u00c1CTER PERSONAL (CUMPLIMIENTO DEL RGPD 2016\/679) \u00bfCon qu\u00e9 finalidad tratamos sus datos? Recopilamos diversos datos de car\u00e1cter personal para distintos tratamientos, cada uno de ellos con finalidades concretas. Los datos recogidos mediante el enlace de contacto que figura en nuestra web en la secci\u00f3n con el mismo nombre se tratan con la finalidad de atender su consulta. Cuando intercambiamos correos electr\u00f3nicos, los datos que se puedan incluir en los mismos incluso en archivos adjuntos se incorporan en su caso a tratamientos de datos con la finalidad de atender las solicitudes relacionados con la consulta o petici\u00f3n realizada. La informaci\u00f3n intercambiada es confidencial y no puede ser revelada a personas no autorizadas. Cuando los visitantes de la web dejan comentarios en el sitio, recopilamos los datos que se muestran en el formulario de comentarios, y tambi\u00e9n la direcci\u00f3n IP del visitante y los datos del navegador del usuario para ayudar a la detecci\u00f3n de spam. Tambi\u00e9n se puede proporcionar una cadena identificativa de car\u00e1cter an\u00f3nimo, creada a partir de su direcci\u00f3n de correo electr\u00f3nico (tambi\u00e9n llamada hash), al servicio Gravatar para ver si la est\u00e1 utilizando. La pol\u00edtica de privacidad del servicio Gravatar est\u00e1 disponible aqu\u00ed: https:\/\/automattic.com\/privacy\/. Despu\u00e9s de la aprobaci\u00f3n de su comentario, su imagen de perfil ser\u00e1 visible al p\u00fablico en el contexto de su comentario. Cuando te registras como usuario de la web obtenemos tus datos con la finalidad de facilitarte el acceso al contenido y funcionalidades completa de la web. En caso de que nos autorices usaremos tus datos de correo electr\u00f3nico para crear una maillist y enviarte informaci\u00f3n personalizada sobre nuestros contenidos.","breadcrumb":{"@id":"https:\/\/muchohop.com\/es\/privacidad\/#breadcrumb"},"inLanguage":"es","potentialAction":[{"@type":"ReadAction","target":["https:\/\/muchohop.com\/es\/privacidad\/"]}]},{"@type":"BreadcrumbList","@id":"https:\/\/muchohop.com\/es\/privacidad\/#breadcrumb","itemListElement":[{"@type":"ListItem","position":1,"name":"Home","item":"https:\/\/muchohop.com\/es\/"},{"@type":"ListItem","position":2,"name":"Pol\u00edtica de Privacidad"}]},{"@type":"WebSite","@id":"https:\/\/muchohop.com\/#website","url":"https:\/\/muchohop.com\/","name":"MuchoHop","description":"Travel Blog","publisher":{"@id":"https:\/\/muchohop.com\/#organization"},"potentialAction":[{"@type":"SearchAction","target":{"@type":"EntryPoint","urlTemplate":"https:\/\/muchohop.com\/?s={search_term_string}"},"query-input":{"@type":"PropertyValueSpecification","valueRequired":true,"valueName":"search_term_string"}}],"inLanguage":"es"},{"@type":"Organization","@id":"https:\/\/muchohop.com\/#organization","name":"Muchohop","url":"https:\/\/muchohop.com\/","logo":{"@type":"ImageObject","inLanguage":"es","@id":"https:\/\/muchohop.com\/#\/schema\/logo\/image\/","url":"https:\/\/muchohop.com\/wp-content\/uploads\/2021\/02\/2020-LOGO-MH-SUITCASE-AIRPORT-sm.jpg","contentUrl":"https:\/\/muchohop.com\/wp-content\/uploads\/2021\/02\/2020-LOGO-MH-SUITCASE-AIRPORT-sm.jpg","width":200,"height":148,"caption":"Muchohop"},"image":{"@id":"https:\/\/muchohop.com\/#\/schema\/logo\/image\/"}}]}},"acf":[],"_links":{"self":[{"href":"https:\/\/muchohop.com\/es\/wp-json\/wp\/v2\/pages\/5732","targetHints":{"allow":["GET"]}}],"collection":[{"href":"https:\/\/muchohop.com\/es\/wp-json\/wp\/v2\/pages"}],"about":[{"href":"https:\/\/muchohop.com\/es\/wp-json\/wp\/v2\/types\/page"}],"author":[{"embeddable":true,"href":"https:\/\/muchohop.com\/es\/wp-json\/wp\/v2\/users\/3"}],"replies":[{"embeddable":true,"href":"https:\/\/muchohop.com\/es\/wp-json\/wp\/v2\/comments?post=5732"}],"version-history":[{"count":0,"href":"https:\/\/muchohop.com\/es\/wp-json\/wp\/v2\/pages\/5732\/revisions"}],"wp:attachment":[{"href":"https:\/\/muchohop.com\/es\/wp-json\/wp\/v2\/media?parent=5732"}],"curies":[{"name":"wp","href":"https:\/\/api.w.org\/{rel}","templated":true}]}}