{"id":5738,"date":"2021-01-20T10:02:35","date_gmt":"2021-01-20T09:02:35","guid":{"rendered":"https:\/\/muchohop.com\/legal-note\/"},"modified":"2021-10-18T14:36:37","modified_gmt":"2021-10-18T13:36:37","slug":"aviso-legal","status":"publish","type":"page","link":"https:\/\/muchohop.com\/es\/aviso-legal\/","title":{"rendered":"Aviso Legal"},"content":{"rendered":"\n<p><strong>CONDICIONES DE USO<\/strong><\/p>\n\n\n\n<ol class=\"wp-block-list\"><li><strong>GENERAL<\/strong><\/li><\/ol>\n\n\n\n<p>1) MuchoHop es el identificador comercial en internet de la actividad de Ana Eiroa.<\/p>\n\n\n\n<p>2) La utilizaci\u00f3n de este espacio web est\u00e1 sujeta a la aceptaci\u00f3n plena y voluntaria por parte del Usuario de estas Condiciones de Uso, o bien de aquellas que se encuentren vigentes en cada momento en que el usuario acceda al mismo.<\/p>\n\n\n\n<p>3) MuchoHop se reserva el derecho unilateral de modificar en cualquier momento las presentes Condiciones de Uso as\u00ed como cualesquiera otras condiciones generales o particulares de su p\u00e1gina web. Tambi\u00e9n se reserva el derecho a modificar en cualquier momento la presentaci\u00f3n, configuraci\u00f3n y localizaci\u00f3n del Sitio Web, as\u00ed como los contenidos y las condiciones requeridas para utilizar los mismos.<\/p>\n\n\n\n<p>4) MuchoHop se reserva el derecho de poner en conocimiento de la Autoridad competente cualquier actividad que pueda atentar contra sus intereses o derechos o puedan ser constitutivos de delito.<\/p>\n\n\n\n<p>5) MuchoHop se reserva el derecho a poner fin a este servicio web en cualquier momento.<\/p>\n\n\n\n<div style=\"height:13px\" aria-hidden=\"true\" class=\"wp-block-spacer\"><\/div>\n\n\n\n<ol class=\"wp-block-list\" start=\"2\"><li><strong>CL\u00c1USULA DE EXCLUSI\u00d3N DE RESPONSABILIDAD<\/strong><\/li><\/ol>\n\n\n\n<p>1) MuchoHop, no puede garantizar la disponibilidad permanente del servicio que ofrece este sitio, ni se hace responsable de cualesquiera da\u00f1os y perjuicios producidos o que puedan producirse en el futuro, ni de los defectos t\u00e9cnicos, cualquiera que sea su naturaleza, que se deriven del uso de la informaci\u00f3n contenida en el Web este sitio.<\/p>\n\n\n\n<p>2) En el caso de que, por un ataque inform\u00e1tico, se produjesen errores en la informaci\u00f3n facilitada, MuchoHop no se hace responsable de tales errores as\u00ed como de los da\u00f1os causados por el uso de la informaci\u00f3n derivada de dichos errores.<\/p>\n\n\n\n<p>3) El contenido de esta web es meramente informativo, no haci\u00e9ndose responsable en ning\u00fan momento acerca de los posibles errores producidos en su presentaci\u00f3n. Si desea informaci\u00f3n m\u00e1s detallada, puede ponerse en contacto a trav\u00e9s de la direcci\u00f3n de correo hopper[at]muchohop.com.<\/p>\n\n\n\n<div style=\"height:13px\" aria-hidden=\"true\" class=\"wp-block-spacer\"><\/div>\n\n\n\n<ol class=\"wp-block-list\" start=\"3\"><li><strong>R\u00c9GIMEN DE PROPIEDAD INDUSTRIAL E INTELECTUAL<\/strong><\/li><\/ol>\n\n\n\n<p>1) La propiedad intelectual de los logotipos y contenidos videogr\u00e1ficos de este sitio pertenece en exclusiva a Ana Eiroa. El Usuario reconoce y acepta estos derechos. Los elementos de esta web sobre los que MuchoHop no tiene derechos de propiedad intelectual o industrial son usados con el correspondiente permiso.<\/p>\n\n\n\n<p>2) Queda prohibida la reproducci\u00f3n de todo o parte del contenido de esta web, incluidos los contenidos videogr\u00e1ficos que se encuentran protegidos por derechos de autor, &nbsp;as\u00ed como su transmisi\u00f3n o registro o fijaci\u00f3n a soportes f\u00edsicos o digitales en ninguna forma ni por ning\u00fan medio, a menos que se cuente con la autorizaci\u00f3n previa y por escrito de MuchoHop.<\/p>\n\n\n\n<p>3) No est\u00e1 permitido eludir los derechos de propiedad intelectual sobre los contenidos de MuchoHop, as\u00ed como eludir o tratar de eludir los sistemas que haya o pueda haber de protecci\u00f3n de los contenidos.<\/p>\n\n\n\n<p>4) Cualquier violaci\u00f3n de los derechos de propiedad intelectual de y de su contenido esta p\u00e1gina ser\u00e1 objeto de las oportunas medidas legales.<\/p>\n\n\n\n<div style=\"height:13px\" aria-hidden=\"true\" class=\"wp-block-spacer\"><\/div>\n\n\n\n<ol class=\"wp-block-list\" start=\"4\"><li><strong>LEGISLACI\u00d3N APLICABLE<\/strong><\/li><\/ol>\n\n\n\n<p>1) El sitio web de MuchoHop, MuchoHop.com\/es, se encuentra alojado en Espa\u00f1a. La \u00fanica legislaci\u00f3n aplicable para resolver cualquier conflicto respecto a la interpretaci\u00f3n de estas condiciones, es la legislaci\u00f3n espa\u00f1ola, as\u00ed como los Tratados Internacionales que haya suscrito Espa\u00f1a.<\/p>\n\n\n\n<p>2) Ser\u00e1n competentes para resolver cualquier controversia relacionada con estas condiciones los tribunales del fuero del consumidor.<\/p>\n\n\n\n<div style=\"height:13px\" aria-hidden=\"true\" class=\"wp-block-spacer\"><\/div>\n\n\n\n<ol class=\"wp-block-list\" start=\"5\"><li><strong>ENLACES DE AFILIADOS<\/strong><\/li><\/ol>\n\n\n\n<p>A veces se usan enlaces de afiliado &#8211; es decir, si el usuario hace clic en uno de estos enlaces y compra el art\u00edculo, podemos recibir una comisi\u00f3n de afiliado, sin coste adicional para el usuario.<br>(Vuestro apoyo se agradece much\u00edsimo y ayuda a mantener el canal. \u00a1Muchas gracias!)<\/p>\n\n\n\n<div style=\"height:13px\" aria-hidden=\"true\" class=\"wp-block-spacer\"><\/div>\n\n\n\n<ol class=\"wp-block-list\" start=\"6\"><li><strong>COMO PONERSE EN CONTACTO<\/strong><\/li><\/ol>\n\n\n\n<p>Si desea aclarar cualquier aspecto acerca de las condiciones de uso descritas, puede dirigirse a las siguientes direcciones:<\/p>\n\n\n\n<p>a trav\u00e9s de correo electr\u00f3nico en hopper[at]muchohop.com o bien por escrito a Ana Eiroa (MuchoHop). Calle Benito Blanco Rajoy, 7 &#8211; 1\u00ba, 15006 &nbsp;A Coru\u00f1a, Espa\u00f1a.<\/p>\n\n\n\n<div style=\"height:13px\" aria-hidden=\"true\" class=\"wp-block-spacer\"><\/div>\n\n\n\n<ol class=\"wp-block-list\" start=\"7\"><li><strong>DATOS IDENTIFICATIVOS DEL PRESTADOR DE SERVICIOS<\/strong><\/li><\/ol>\n\n\n\n<p>Ana Eiroa (MuchoHop)&nbsp;<br>NIF: 47 353 818 S<br>hopper[at]muchohop.com<br>Calle Benito Blanco Rajoy, 7 &#8211; 1\u00ba<br>15006 &nbsp;A Coru\u00f1a, Espa\u00f1a<\/p>\n","protected":false},"excerpt":{"rendered":"<p>CONDICIONES DE USO GENERAL 1) MuchoHop es el identificador comercial en internet de la actividad de Ana Eiroa. 2) La utilizaci\u00f3n de este espacio web est\u00e1 sujeta a la aceptaci\u00f3n plena y voluntaria por parte del Usuario de estas Condiciones de Uso, o bien de aquellas que se encuentren vigentes en cada momento en que &hellip;<\/p>\n","protected":false},"author":3,"featured_media":0,"parent":0,"menu_order":0,"comment_status":"closed","ping_status":"closed","template":"","meta":{"_acf_changed":false,"_genesis_hide_title":false,"_genesis_hide_breadcrumbs":false,"_genesis_hide_singular_image":false,"_genesis_hide_footer_widgets":false,"_genesis_custom_body_class":"","_genesis_custom_post_class":"","_genesis_layout":"","footnotes":""},"class_list":{"1":"page","2":"type-page","5":"entry"},"yoast_head":"<!-- This site is optimized with the Yoast SEO plugin v27.5 - https:\/\/yoast.com\/product\/yoast-seo-wordpress\/ -->\n<title>Aviso Legal - MuchoHop<\/title>\n<meta name=\"description\" content=\"La utilizaci\u00f3n de este espacio web est\u00e1 sujeta a la aceptaci\u00f3n plena y voluntaria por parte del Usuario de estas Condiciones de Uso, o bien de aquellas que se encuentren vigentes en cada momento en que el usuario acceda al mismo. MuchoHop se reserva el derecho unilateral de modificar en cualquier momento las presentes Condiciones de Uso as\u00ed como cualesquiera otras condiciones generales o particulares de su p\u00e1gina web. Tambi\u00e9n se reserva el derecho a modificar en cualquier momento la presentaci\u00f3n, configuraci\u00f3n y localizaci\u00f3n del Sitio Web, as\u00ed como los contenidos y las condiciones requeridas para utilizar los mismos. MuchoHop se reserva el derecho de poner en conocimiento de la Autoridad competente cualquier actividad que pueda atentar contra sus intereses o derechos o puedan ser constitutivos de delito. MuchoHop se reserva el derecho a poner fin a este servicio web en cualquier momento.\" \/>\n<meta name=\"robots\" content=\"index, follow, max-snippet:-1, max-image-preview:large, max-video-preview:-1\" \/>\n<link rel=\"canonical\" href=\"https:\/\/muchohop.com\/es\/aviso-legal\/\" \/>\n<meta property=\"og:locale\" content=\"es_ES\" \/>\n<meta property=\"og:type\" content=\"article\" \/>\n<meta property=\"og:title\" content=\"Aviso Legal - MuchoHop\" \/>\n<meta property=\"og:description\" content=\"La utilizaci\u00f3n de este espacio web est\u00e1 sujeta a la aceptaci\u00f3n plena y voluntaria por parte del Usuario de estas Condiciones de Uso, o bien de aquellas que se encuentren vigentes en cada momento en que el usuario acceda al mismo. MuchoHop se reserva el derecho unilateral de modificar en cualquier momento las presentes Condiciones de Uso as\u00ed como cualesquiera otras condiciones generales o particulares de su p\u00e1gina web. Tambi\u00e9n se reserva el derecho a modificar en cualquier momento la presentaci\u00f3n, configuraci\u00f3n y localizaci\u00f3n del Sitio Web, as\u00ed como los contenidos y las condiciones requeridas para utilizar los mismos. MuchoHop se reserva el derecho de poner en conocimiento de la Autoridad competente cualquier actividad que pueda atentar contra sus intereses o derechos o puedan ser constitutivos de delito. MuchoHop se reserva el derecho a poner fin a este servicio web en cualquier momento.\" \/>\n<meta property=\"og:url\" content=\"https:\/\/muchohop.com\/es\/aviso-legal\/\" \/>\n<meta property=\"og:site_name\" content=\"MuchoHop\" \/>\n<meta property=\"article:modified_time\" content=\"2021-10-18T13:36:37+00:00\" \/>\n<meta name=\"twitter:card\" content=\"summary_large_image\" \/>\n<meta name=\"twitter:label1\" content=\"Tiempo de lectura\" \/>\n\t<meta name=\"twitter:data1\" content=\"3 minutos\" \/>\n<script type=\"application\/ld+json\" class=\"yoast-schema-graph\">{\"@context\":\"https:\\\/\\\/schema.org\",\"@graph\":[{\"@type\":\"WebPage\",\"@id\":\"https:\\\/\\\/muchohop.com\\\/es\\\/aviso-legal\\\/\",\"url\":\"https:\\\/\\\/muchohop.com\\\/es\\\/aviso-legal\\\/\",\"name\":\"Aviso Legal - MuchoHop\",\"isPartOf\":{\"@id\":\"https:\\\/\\\/muchohop.com\\\/#website\"},\"datePublished\":\"2021-01-20T09:02:35+00:00\",\"dateModified\":\"2021-10-18T13:36:37+00:00\",\"description\":\"La utilizaci\u00f3n de este espacio web est\u00e1 sujeta a la aceptaci\u00f3n plena y voluntaria por parte del Usuario de estas Condiciones de Uso, o bien de aquellas que se encuentren vigentes en cada momento en que el usuario acceda al mismo. MuchoHop se reserva el derecho unilateral de modificar en cualquier momento las presentes Condiciones de Uso as\u00ed como cualesquiera otras condiciones generales o particulares de su p\u00e1gina web. Tambi\u00e9n se reserva el derecho a modificar en cualquier momento la presentaci\u00f3n, configuraci\u00f3n y localizaci\u00f3n del Sitio Web, as\u00ed como los contenidos y las condiciones requeridas para utilizar los mismos. MuchoHop se reserva el derecho de poner en conocimiento de la Autoridad competente cualquier actividad que pueda atentar contra sus intereses o derechos o puedan ser constitutivos de delito. MuchoHop se reserva el derecho a poner fin a este servicio web en cualquier momento.\",\"breadcrumb\":{\"@id\":\"https:\\\/\\\/muchohop.com\\\/es\\\/aviso-legal\\\/#breadcrumb\"},\"inLanguage\":\"es\",\"potentialAction\":[{\"@type\":\"ReadAction\",\"target\":[\"https:\\\/\\\/muchohop.com\\\/es\\\/aviso-legal\\\/\"]}]},{\"@type\":\"BreadcrumbList\",\"@id\":\"https:\\\/\\\/muchohop.com\\\/es\\\/aviso-legal\\\/#breadcrumb\",\"itemListElement\":[{\"@type\":\"ListItem\",\"position\":1,\"name\":\"Home\",\"item\":\"https:\\\/\\\/muchohop.com\\\/es\\\/\"},{\"@type\":\"ListItem\",\"position\":2,\"name\":\"Aviso Legal\"}]},{\"@type\":\"WebSite\",\"@id\":\"https:\\\/\\\/muchohop.com\\\/#website\",\"url\":\"https:\\\/\\\/muchohop.com\\\/\",\"name\":\"MuchoHop\",\"description\":\"Travel Blog\",\"publisher\":{\"@id\":\"https:\\\/\\\/muchohop.com\\\/#organization\"},\"potentialAction\":[{\"@type\":\"SearchAction\",\"target\":{\"@type\":\"EntryPoint\",\"urlTemplate\":\"https:\\\/\\\/muchohop.com\\\/?s={search_term_string}\"},\"query-input\":{\"@type\":\"PropertyValueSpecification\",\"valueRequired\":true,\"valueName\":\"search_term_string\"}}],\"inLanguage\":\"es\"},{\"@type\":\"Organization\",\"@id\":\"https:\\\/\\\/muchohop.com\\\/#organization\",\"name\":\"Muchohop\",\"url\":\"https:\\\/\\\/muchohop.com\\\/\",\"logo\":{\"@type\":\"ImageObject\",\"inLanguage\":\"es\",\"@id\":\"https:\\\/\\\/muchohop.com\\\/#\\\/schema\\\/logo\\\/image\\\/\",\"url\":\"https:\\\/\\\/muchohop.com\\\/wp-content\\\/uploads\\\/2021\\\/02\\\/2020-LOGO-MH-SUITCASE-AIRPORT-sm.jpg\",\"contentUrl\":\"https:\\\/\\\/muchohop.com\\\/wp-content\\\/uploads\\\/2021\\\/02\\\/2020-LOGO-MH-SUITCASE-AIRPORT-sm.jpg\",\"width\":200,\"height\":148,\"caption\":\"Muchohop\"},\"image\":{\"@id\":\"https:\\\/\\\/muchohop.com\\\/#\\\/schema\\\/logo\\\/image\\\/\"}}]}<\/script>\n<!-- \/ Yoast SEO plugin. -->","yoast_head_json":{"title":"Aviso Legal - MuchoHop","description":"La utilizaci\u00f3n de este espacio web est\u00e1 sujeta a la aceptaci\u00f3n plena y voluntaria por parte del Usuario de estas Condiciones de Uso, o bien de aquellas que se encuentren vigentes en cada momento en que el usuario acceda al mismo. MuchoHop se reserva el derecho unilateral de modificar en cualquier momento las presentes Condiciones de Uso as\u00ed como cualesquiera otras condiciones generales o particulares de su p\u00e1gina web. Tambi\u00e9n se reserva el derecho a modificar en cualquier momento la presentaci\u00f3n, configuraci\u00f3n y localizaci\u00f3n del Sitio Web, as\u00ed como los contenidos y las condiciones requeridas para utilizar los mismos. MuchoHop se reserva el derecho de poner en conocimiento de la Autoridad competente cualquier actividad que pueda atentar contra sus intereses o derechos o puedan ser constitutivos de delito. MuchoHop se reserva el derecho a poner fin a este servicio web en cualquier momento.","robots":{"index":"index","follow":"follow","max-snippet":"max-snippet:-1","max-image-preview":"max-image-preview:large","max-video-preview":"max-video-preview:-1"},"canonical":"https:\/\/muchohop.com\/es\/aviso-legal\/","og_locale":"es_ES","og_type":"article","og_title":"Aviso Legal - MuchoHop","og_description":"La utilizaci\u00f3n de este espacio web est\u00e1 sujeta a la aceptaci\u00f3n plena y voluntaria por parte del Usuario de estas Condiciones de Uso, o bien de aquellas que se encuentren vigentes en cada momento en que el usuario acceda al mismo. MuchoHop se reserva el derecho unilateral de modificar en cualquier momento las presentes Condiciones de Uso as\u00ed como cualesquiera otras condiciones generales o particulares de su p\u00e1gina web. Tambi\u00e9n se reserva el derecho a modificar en cualquier momento la presentaci\u00f3n, configuraci\u00f3n y localizaci\u00f3n del Sitio Web, as\u00ed como los contenidos y las condiciones requeridas para utilizar los mismos. MuchoHop se reserva el derecho de poner en conocimiento de la Autoridad competente cualquier actividad que pueda atentar contra sus intereses o derechos o puedan ser constitutivos de delito. MuchoHop se reserva el derecho a poner fin a este servicio web en cualquier momento.","og_url":"https:\/\/muchohop.com\/es\/aviso-legal\/","og_site_name":"MuchoHop","article_modified_time":"2021-10-18T13:36:37+00:00","twitter_card":"summary_large_image","twitter_misc":{"Tiempo de lectura":"3 minutos"},"schema":{"@context":"https:\/\/schema.org","@graph":[{"@type":"WebPage","@id":"https:\/\/muchohop.com\/es\/aviso-legal\/","url":"https:\/\/muchohop.com\/es\/aviso-legal\/","name":"Aviso Legal - MuchoHop","isPartOf":{"@id":"https:\/\/muchohop.com\/#website"},"datePublished":"2021-01-20T09:02:35+00:00","dateModified":"2021-10-18T13:36:37+00:00","description":"La utilizaci\u00f3n de este espacio web est\u00e1 sujeta a la aceptaci\u00f3n plena y voluntaria por parte del Usuario de estas Condiciones de Uso, o bien de aquellas que se encuentren vigentes en cada momento en que el usuario acceda al mismo. MuchoHop se reserva el derecho unilateral de modificar en cualquier momento las presentes Condiciones de Uso as\u00ed como cualesquiera otras condiciones generales o particulares de su p\u00e1gina web. Tambi\u00e9n se reserva el derecho a modificar en cualquier momento la presentaci\u00f3n, configuraci\u00f3n y localizaci\u00f3n del Sitio Web, as\u00ed como los contenidos y las condiciones requeridas para utilizar los mismos. MuchoHop se reserva el derecho de poner en conocimiento de la Autoridad competente cualquier actividad que pueda atentar contra sus intereses o derechos o puedan ser constitutivos de delito. MuchoHop se reserva el derecho a poner fin a este servicio web en cualquier momento.","breadcrumb":{"@id":"https:\/\/muchohop.com\/es\/aviso-legal\/#breadcrumb"},"inLanguage":"es","potentialAction":[{"@type":"ReadAction","target":["https:\/\/muchohop.com\/es\/aviso-legal\/"]}]},{"@type":"BreadcrumbList","@id":"https:\/\/muchohop.com\/es\/aviso-legal\/#breadcrumb","itemListElement":[{"@type":"ListItem","position":1,"name":"Home","item":"https:\/\/muchohop.com\/es\/"},{"@type":"ListItem","position":2,"name":"Aviso Legal"}]},{"@type":"WebSite","@id":"https:\/\/muchohop.com\/#website","url":"https:\/\/muchohop.com\/","name":"MuchoHop","description":"Travel Blog","publisher":{"@id":"https:\/\/muchohop.com\/#organization"},"potentialAction":[{"@type":"SearchAction","target":{"@type":"EntryPoint","urlTemplate":"https:\/\/muchohop.com\/?s={search_term_string}"},"query-input":{"@type":"PropertyValueSpecification","valueRequired":true,"valueName":"search_term_string"}}],"inLanguage":"es"},{"@type":"Organization","@id":"https:\/\/muchohop.com\/#organization","name":"Muchohop","url":"https:\/\/muchohop.com\/","logo":{"@type":"ImageObject","inLanguage":"es","@id":"https:\/\/muchohop.com\/#\/schema\/logo\/image\/","url":"https:\/\/muchohop.com\/wp-content\/uploads\/2021\/02\/2020-LOGO-MH-SUITCASE-AIRPORT-sm.jpg","contentUrl":"https:\/\/muchohop.com\/wp-content\/uploads\/2021\/02\/2020-LOGO-MH-SUITCASE-AIRPORT-sm.jpg","width":200,"height":148,"caption":"Muchohop"},"image":{"@id":"https:\/\/muchohop.com\/#\/schema\/logo\/image\/"}}]}},"acf":[],"_links":{"self":[{"href":"https:\/\/muchohop.com\/es\/wp-json\/wp\/v2\/pages\/5738","targetHints":{"allow":["GET"]}}],"collection":[{"href":"https:\/\/muchohop.com\/es\/wp-json\/wp\/v2\/pages"}],"about":[{"href":"https:\/\/muchohop.com\/es\/wp-json\/wp\/v2\/types\/page"}],"author":[{"embeddable":true,"href":"https:\/\/muchohop.com\/es\/wp-json\/wp\/v2\/users\/3"}],"replies":[{"embeddable":true,"href":"https:\/\/muchohop.com\/es\/wp-json\/wp\/v2\/comments?post=5738"}],"version-history":[{"count":0,"href":"https:\/\/muchohop.com\/es\/wp-json\/wp\/v2\/pages\/5738\/revisions"}],"wp:attachment":[{"href":"https:\/\/muchohop.com\/es\/wp-json\/wp\/v2\/media?parent=5738"}],"curies":[{"name":"wp","href":"https:\/\/api.w.org\/{rel}","templated":true}]}}