{"id":7553,"date":"2025-03-20T19:57:47","date_gmt":"2025-03-20T18:57:47","guid":{"rendered":"https:\/\/muchohop.com\/?page_id=7553"},"modified":"2025-12-01T20:59:34","modified_gmt":"2025-12-01T19:59:34","slug":"aprende-ingles-ya","status":"publish","type":"page","link":"https:\/\/muchohop.com\/es\/aprende-ingles-ya\/","title":{"rendered":"Aprende Ingl\u00e9s \u00a1\u00a1YA!! Con MuchoHop"},"content":{"rendered":"\n<div class=\"wp-block-buttons is-content-justification-center is-layout-flex wp-container-core-buttons-is-layout-16018d1d wp-block-buttons-is-layout-flex\">\n<div class=\"wp-block-button has-custom-width wp-block-button__width-75\" style=\"--button-border-radius:0px;\"><a class=\"wp-block-button__link button has-lg-font-size has-custom-font-size wp-element-button\" href=\"https:\/\/muchohop.com\/es\/contacto\/\" style=\"border-radius:0px\"><strong>AP\u00daNTATE A LA LISTA DE ESPERA<\/strong><\/a><\/div>\n\n<\/div>\n\n\n\n<div style=\"height:100px\" aria-hidden=\"true\" class=\"wp-block-spacer\"><\/div>\n\n\n\n<div class=\"wp-block-columns is-layout-flex wp-container-core-columns-is-layout-9d6595d7 wp-block-columns-is-layout-flex\">\n<div class=\"wp-block-column is-layout-flow wp-block-column-is-layout-flow\">\n<h2 class=\"wp-block-heading has-text-align-center has-lg-margin-bottom\">\ud83c\udf1f La Misi\u00f3n<\/h2>\n<\/div>\n<\/div>\n\n\n\n<p class=\"has-text-align-center\">Aprender ingl\u00e9s de una vez por todas, de manera f\u00e1cil y pr\u00e1ctica. Te daremos herramientas y habilidades esenciales para que puedas comunicarte con confianza.<\/p>\n\n\n\n<div class=\"wp-block-buttons is-content-justification-center is-layout-flex wp-container-core-buttons-is-layout-16018d1d wp-block-buttons-is-layout-flex\">\n<div class=\"wp-block-button has-custom-width wp-block-button__width-75\"><a class=\"wp-block-button__link button has-lg-font-size has-custom-font-size wp-element-button\" href=\"https:\/\/muchohop.com\/es\/contacto\/\"><strong><strong>AP\u00daNTATE A LA LISTA DE ESPERA<\/strong><\/strong><\/a><\/div>\n<\/div>\n\n\n\n<div style=\"height:100px\" aria-hidden=\"true\" class=\"wp-block-spacer\"><\/div>\n\n\n\n<div class=\"wp-block-columns is-layout-flex wp-container-core-columns-is-layout-9d6595d7 wp-block-columns-is-layout-flex\">\n<div class=\"wp-block-column is-layout-flow wp-block-column-is-layout-flow\" style=\"flex-basis:33.34%\">\n<h5 class=\"wp-block-heading has-text-align-center has-lg-margin-bottom\">\u2708\ufe0f \u00bfQui\u00e9n es MuchoHop?<\/h5>\n\n\n\n<p class=\"has-text-align-center\">\u00a1Hola! Soy Ana. Aunque mi formaci\u00f3n es en bioqu\u00edmica, llevo muchos a\u00f1os ense\u00f1ando ingl\u00e9s y perfeccionando mi propio m\u00e9todo de ense\u00f1anza, centrado en aprender ingl\u00e9s sin complicaciones y con resultados r\u00e1pidos.<\/p>\n<\/div>\n\n\n\n<div class=\"wp-block-column is-layout-flow wp-block-column-is-layout-flow\" style=\"flex-basis:33.34%\">\n<h5 class=\"wp-block-heading has-text-align-center has-lg-margin-bottom\">\ud83c\udfa1 \u00bfPara qui\u00e9n es este curso?<\/h5>\n\n\n\n<p class=\"has-text-align-center\">Este curso est\u00e1 dise\u00f1ado para personas que desean aprender suficiente ingl\u00e9s para viajar y comunicarse en situaciones cotidianas. Si te cuesta la pronunciaci\u00f3n y quieres mejorarla ya, en la primera clase ya sabr\u00e1s c\u00f3mo.<\/p>\n<\/div>\n\n\n\n<div class=\"wp-block-column is-layout-flow wp-block-column-is-layout-flow\" style=\"flex-basis:33.33%\">\n<h5 class=\"wp-block-heading has-text-align-center has-lg-margin-bottom\">\ud83d\udcda \u00bfQu\u00e9 incluye el curso?<\/h5>\n\n\n\n<p class=\"has-text-align-center\">6 lecciones de 2 horas cada una v\u00eda Zoom<\/p>\n\n\n\n<p class=\"has-text-align-center\">Enfoque pr\u00e1ctico y uso de nuevas tecnolog\u00edas<\/p>\n\n\n\n<p class=\"has-text-align-center\">Acceso a una comunidad de apoyo, privada, para todos los alumnos inscritos.<\/p>\n<\/div>\n<\/div>\n\n\n\n<div class=\"wp-block-buttons is-content-justification-center is-layout-flex wp-container-core-buttons-is-layout-16018d1d wp-block-buttons-is-layout-flex\">\n<div class=\"wp-block-button has-custom-width wp-block-button__width-75\"><a class=\"wp-block-button__link button has-lg-font-size has-custom-font-size wp-element-button\" href=\"https:\/\/muchohop.com\/es\/contacto\/\"><strong><strong>AP\u00daNTATE A LA LISTA DE ESPERA<\/strong><\/strong><\/a><\/div>\n<\/div>\n\n\n\n<div style=\"height:100px\" aria-hidden=\"true\" class=\"wp-block-spacer\"><\/div>\n\n\n\n<div class=\"wp-block-columns is-layout-flex wp-container-core-columns-is-layout-9d6595d7 wp-block-columns-is-layout-flex\">\n<div class=\"wp-block-column is-layout-flow wp-block-column-is-layout-flow\">\n<h2 class=\"wp-block-heading has-text-align-center has-lg-margin-bottom\">\ud83d\udcda El Temario<\/h2>\n\n\n\n<p class=\"has-text-align-center\"><strong>\ud83d\udcd6 Orientation &#8211; Semana 1<\/strong><br>La base del m\u00e9todo y primeros pasos para hablar ingl\u00e9s.<\/p>\n\n\n\n<p class=\"has-text-align-center\"><strong>\ud83c\udf0d Our Survival Kit &#8211; Semanas 2 y 3<\/strong><br>Lo esencial para comunicarte en ingl\u00e9s con confianza.<\/p>\n\n\n\n<p class=\"has-text-align-center\"><strong>\ud83d\udeec Travel Scenarios &#8211; Semanas 4 y 5<\/strong><br>Pr\u00e1ctica en situaciones reales de viaje.<\/p>\n\n\n\n<p class=\"has-text-align-center\"><strong>\u26a1 Desperate Measures &#8211; Semana 6<\/strong><br>Estrategias para desenvolverte en situaciones dif\u00edciles.<\/p>\n\n\n\n<div class=\"wp-block-buttons is-content-justification-center is-layout-flex wp-container-core-buttons-is-layout-16018d1d wp-block-buttons-is-layout-flex\">\n<div class=\"wp-block-button has-custom-width wp-block-button__width-75\"><a class=\"wp-block-button__link button has-lg-font-size has-text-align-center has-custom-font-size wp-element-button\" href=\"https:\/\/muchohop.com\/es\/contacto\/\"><strong><strong>AP\u00daNTATE A LA LISTA DE ESPERA<\/strong><\/strong><\/a><\/div>\n<\/div>\n<\/div>\n<\/div>\n\n\n","protected":false},"excerpt":{"rendered":"<p>\ud83c\udf1f La Misi\u00f3n Aprender ingl\u00e9s de una vez por todas, de manera f\u00e1cil y pr\u00e1ctica. Te daremos herramientas y habilidades esenciales para que puedas comunicarte con confianza. \u2708\ufe0f \u00bfQui\u00e9n es MuchoHop? \u00a1Hola! Soy Ana. Aunque mi formaci\u00f3n es en bioqu\u00edmica, llevo muchos a\u00f1os ense\u00f1ando ingl\u00e9s y perfeccionando mi propio m\u00e9todo de ense\u00f1anza, centrado en aprender &hellip;<\/p>\n","protected":false},"author":4,"featured_media":7572,"parent":0,"menu_order":0,"comment_status":"closed","ping_status":"closed","template":"","meta":{"_acf_changed":false,"_genesis_hide_title":false,"_genesis_hide_breadcrumbs":false,"_genesis_hide_singular_image":false,"_genesis_hide_footer_widgets":false,"_genesis_custom_body_class":"","_genesis_custom_post_class":"","_genesis_layout":"","footnotes":""},"class_list":{"1":"page","2":"type-page","6":"entry"},"yoast_head":"<!-- This site is optimized with the Yoast SEO plugin v27.4 - https:\/\/yoast.com\/product\/yoast-seo-wordpress\/ -->\n<title>Aprende Ingl\u00e9s \u00a1\u00a1YA!! Con MuchoHop - MuchoHop<\/title>\n<meta name=\"description\" content=\"APRENDE INGL\u00c9S \u00a1YA! CON MUCHOHOP. Aprender ingl\u00e9s de una vez por todas, de manera f\u00e1cil y pr\u00e1ctica. Te daremos herramientas y habilidades esenciales para que puedas comunicarte con confianza. Llevo muchos a\u00f1os ense\u00f1ando ingl\u00e9s y perfeccionado mi propio m\u00e9todo de ense\u00f1anza, centrado en aprender ingl\u00e9s sin complicaciones y con resultados r\u00e1pidos. Este curso est\u00e1 dise\u00f1ado para personas que desean aprender suficiente ingl\u00e9s para viajar y comunicarse en situaciones cotidianas. Si te cuesta la pronunciaci\u00f3n y quieres mejorarla, \u00a1ap\u00fantate ya!\" \/>\n<meta name=\"robots\" content=\"index, follow, max-snippet:-1, max-image-preview:large, max-video-preview:-1\" \/>\n<link rel=\"canonical\" href=\"https:\/\/muchohop.com\/es\/aprende-ingles-ya\/\" \/>\n<meta property=\"og:locale\" content=\"es_ES\" \/>\n<meta property=\"og:type\" content=\"article\" \/>\n<meta property=\"og:title\" content=\"Aprende Ingl\u00e9s \u00a1\u00a1YA!! Con MuchoHop - MuchoHop\" \/>\n<meta property=\"og:description\" content=\"APRENDE INGL\u00c9S \u00a1YA! CON MUCHOHOP. Aprender ingl\u00e9s de una vez por todas, de manera f\u00e1cil y pr\u00e1ctica. Te daremos herramientas y habilidades esenciales para que puedas comunicarte con confianza. Llevo muchos a\u00f1os ense\u00f1ando ingl\u00e9s y perfeccionado mi propio m\u00e9todo de ense\u00f1anza, centrado en aprender ingl\u00e9s sin complicaciones y con resultados r\u00e1pidos. Este curso est\u00e1 dise\u00f1ado para personas que desean aprender suficiente ingl\u00e9s para viajar y comunicarse en situaciones cotidianas. Si te cuesta la pronunciaci\u00f3n y quieres mejorarla, \u00a1ap\u00fantate ya!\" \/>\n<meta property=\"og:url\" content=\"https:\/\/muchohop.com\/es\/aprende-ingles-ya\/\" \/>\n<meta property=\"og:site_name\" content=\"MuchoHop\" \/>\n<meta property=\"article:modified_time\" content=\"2025-12-01T19:59:34+00:00\" \/>\n<meta property=\"og:image\" content=\"https:\/\/muchohop.com\/wp-content\/uploads\/2025\/03\/WEB-POST-MUCHOHOP-Aprende-Ingles-Ya-1500x1125-1.jpg\" \/>\n\t<meta property=\"og:image:width\" content=\"1500\" \/>\n\t<meta property=\"og:image:height\" content=\"1125\" \/>\n\t<meta property=\"og:image:type\" content=\"image\/jpeg\" \/>\n<meta name=\"twitter:card\" content=\"summary_large_image\" \/>\n<meta name=\"twitter:label1\" content=\"Tiempo de lectura\" \/>\n\t<meta name=\"twitter:data1\" content=\"2 minutos\" \/>\n<script type=\"application\/ld+json\" class=\"yoast-schema-graph\">{\"@context\":\"https:\\\/\\\/schema.org\",\"@graph\":[{\"@type\":\"WebPage\",\"@id\":\"https:\\\/\\\/muchohop.com\\\/es\\\/aprende-ingles-ya\\\/\",\"url\":\"https:\\\/\\\/muchohop.com\\\/es\\\/aprende-ingles-ya\\\/\",\"name\":\"Aprende Ingl\u00e9s \u00a1\u00a1YA!! Con MuchoHop - MuchoHop\",\"isPartOf\":{\"@id\":\"https:\\\/\\\/muchohop.com\\\/#website\"},\"primaryImageOfPage\":{\"@id\":\"https:\\\/\\\/muchohop.com\\\/es\\\/aprende-ingles-ya\\\/#primaryimage\"},\"image\":{\"@id\":\"https:\\\/\\\/muchohop.com\\\/es\\\/aprende-ingles-ya\\\/#primaryimage\"},\"thumbnailUrl\":\"https:\\\/\\\/muchohop.com\\\/wp-content\\\/uploads\\\/2025\\\/03\\\/WEB-POST-MUCHOHOP-Aprende-Ingles-Ya-1500x1125-1.jpg\",\"datePublished\":\"2025-03-20T18:57:47+00:00\",\"dateModified\":\"2025-12-01T19:59:34+00:00\",\"description\":\"APRENDE INGL\u00c9S \u00a1YA! CON MUCHOHOP. Aprender ingl\u00e9s de una vez por todas, de manera f\u00e1cil y pr\u00e1ctica. Te daremos herramientas y habilidades esenciales para que puedas comunicarte con confianza. Llevo muchos a\u00f1os ense\u00f1ando ingl\u00e9s y perfeccionado mi propio m\u00e9todo de ense\u00f1anza, centrado en aprender ingl\u00e9s sin complicaciones y con resultados r\u00e1pidos. Este curso est\u00e1 dise\u00f1ado para personas que desean aprender suficiente ingl\u00e9s para viajar y comunicarse en situaciones cotidianas. Si te cuesta la pronunciaci\u00f3n y quieres mejorarla, \u00a1ap\u00fantate ya!\",\"breadcrumb\":{\"@id\":\"https:\\\/\\\/muchohop.com\\\/es\\\/aprende-ingles-ya\\\/#breadcrumb\"},\"inLanguage\":\"es\",\"potentialAction\":[{\"@type\":\"ReadAction\",\"target\":[\"https:\\\/\\\/muchohop.com\\\/es\\\/aprende-ingles-ya\\\/\"]}]},{\"@type\":\"ImageObject\",\"inLanguage\":\"es\",\"@id\":\"https:\\\/\\\/muchohop.com\\\/es\\\/aprende-ingles-ya\\\/#primaryimage\",\"url\":\"https:\\\/\\\/muchohop.com\\\/wp-content\\\/uploads\\\/2025\\\/03\\\/WEB-POST-MUCHOHOP-Aprende-Ingles-Ya-1500x1125-1.jpg\",\"contentUrl\":\"https:\\\/\\\/muchohop.com\\\/wp-content\\\/uploads\\\/2025\\\/03\\\/WEB-POST-MUCHOHOP-Aprende-Ingles-Ya-1500x1125-1.jpg\",\"width\":1500,\"height\":1125},{\"@type\":\"BreadcrumbList\",\"@id\":\"https:\\\/\\\/muchohop.com\\\/es\\\/aprende-ingles-ya\\\/#breadcrumb\",\"itemListElement\":[{\"@type\":\"ListItem\",\"position\":1,\"name\":\"Home\",\"item\":\"https:\\\/\\\/muchohop.com\\\/es\\\/\"},{\"@type\":\"ListItem\",\"position\":2,\"name\":\"Aprende Ingl\u00e9s \u00a1\u00a1YA!! Con MuchoHop\"}]},{\"@type\":\"WebSite\",\"@id\":\"https:\\\/\\\/muchohop.com\\\/#website\",\"url\":\"https:\\\/\\\/muchohop.com\\\/\",\"name\":\"MuchoHop\",\"description\":\"Travel Blog\",\"publisher\":{\"@id\":\"https:\\\/\\\/muchohop.com\\\/#organization\"},\"potentialAction\":[{\"@type\":\"SearchAction\",\"target\":{\"@type\":\"EntryPoint\",\"urlTemplate\":\"https:\\\/\\\/muchohop.com\\\/?s={search_term_string}\"},\"query-input\":{\"@type\":\"PropertyValueSpecification\",\"valueRequired\":true,\"valueName\":\"search_term_string\"}}],\"inLanguage\":\"es\"},{\"@type\":\"Organization\",\"@id\":\"https:\\\/\\\/muchohop.com\\\/#organization\",\"name\":\"Muchohop\",\"url\":\"https:\\\/\\\/muchohop.com\\\/\",\"logo\":{\"@type\":\"ImageObject\",\"inLanguage\":\"es\",\"@id\":\"https:\\\/\\\/muchohop.com\\\/#\\\/schema\\\/logo\\\/image\\\/\",\"url\":\"https:\\\/\\\/muchohop.com\\\/wp-content\\\/uploads\\\/2021\\\/02\\\/2020-LOGO-MH-SUITCASE-AIRPORT-sm.jpg\",\"contentUrl\":\"https:\\\/\\\/muchohop.com\\\/wp-content\\\/uploads\\\/2021\\\/02\\\/2020-LOGO-MH-SUITCASE-AIRPORT-sm.jpg\",\"width\":200,\"height\":148,\"caption\":\"Muchohop\"},\"image\":{\"@id\":\"https:\\\/\\\/muchohop.com\\\/#\\\/schema\\\/logo\\\/image\\\/\"}}]}<\/script>\n<!-- \/ Yoast SEO plugin. -->","yoast_head_json":{"title":"Aprende Ingl\u00e9s \u00a1\u00a1YA!! Con MuchoHop - MuchoHop","description":"APRENDE INGL\u00c9S \u00a1YA! CON MUCHOHOP. Aprender ingl\u00e9s de una vez por todas, de manera f\u00e1cil y pr\u00e1ctica. Te daremos herramientas y habilidades esenciales para que puedas comunicarte con confianza. Llevo muchos a\u00f1os ense\u00f1ando ingl\u00e9s y perfeccionado mi propio m\u00e9todo de ense\u00f1anza, centrado en aprender ingl\u00e9s sin complicaciones y con resultados r\u00e1pidos. Este curso est\u00e1 dise\u00f1ado para personas que desean aprender suficiente ingl\u00e9s para viajar y comunicarse en situaciones cotidianas. Si te cuesta la pronunciaci\u00f3n y quieres mejorarla, \u00a1ap\u00fantate ya!","robots":{"index":"index","follow":"follow","max-snippet":"max-snippet:-1","max-image-preview":"max-image-preview:large","max-video-preview":"max-video-preview:-1"},"canonical":"https:\/\/muchohop.com\/es\/aprende-ingles-ya\/","og_locale":"es_ES","og_type":"article","og_title":"Aprende Ingl\u00e9s \u00a1\u00a1YA!! Con MuchoHop - MuchoHop","og_description":"APRENDE INGL\u00c9S \u00a1YA! CON MUCHOHOP. Aprender ingl\u00e9s de una vez por todas, de manera f\u00e1cil y pr\u00e1ctica. Te daremos herramientas y habilidades esenciales para que puedas comunicarte con confianza. Llevo muchos a\u00f1os ense\u00f1ando ingl\u00e9s y perfeccionado mi propio m\u00e9todo de ense\u00f1anza, centrado en aprender ingl\u00e9s sin complicaciones y con resultados r\u00e1pidos. Este curso est\u00e1 dise\u00f1ado para personas que desean aprender suficiente ingl\u00e9s para viajar y comunicarse en situaciones cotidianas. Si te cuesta la pronunciaci\u00f3n y quieres mejorarla, \u00a1ap\u00fantate ya!","og_url":"https:\/\/muchohop.com\/es\/aprende-ingles-ya\/","og_site_name":"MuchoHop","article_modified_time":"2025-12-01T19:59:34+00:00","og_image":[{"width":1500,"height":1125,"url":"https:\/\/muchohop.com\/wp-content\/uploads\/2025\/03\/WEB-POST-MUCHOHOP-Aprende-Ingles-Ya-1500x1125-1.jpg","type":"image\/jpeg"}],"twitter_card":"summary_large_image","twitter_misc":{"Tiempo de lectura":"2 minutos"},"schema":{"@context":"https:\/\/schema.org","@graph":[{"@type":"WebPage","@id":"https:\/\/muchohop.com\/es\/aprende-ingles-ya\/","url":"https:\/\/muchohop.com\/es\/aprende-ingles-ya\/","name":"Aprende Ingl\u00e9s \u00a1\u00a1YA!! Con MuchoHop - MuchoHop","isPartOf":{"@id":"https:\/\/muchohop.com\/#website"},"primaryImageOfPage":{"@id":"https:\/\/muchohop.com\/es\/aprende-ingles-ya\/#primaryimage"},"image":{"@id":"https:\/\/muchohop.com\/es\/aprende-ingles-ya\/#primaryimage"},"thumbnailUrl":"https:\/\/muchohop.com\/wp-content\/uploads\/2025\/03\/WEB-POST-MUCHOHOP-Aprende-Ingles-Ya-1500x1125-1.jpg","datePublished":"2025-03-20T18:57:47+00:00","dateModified":"2025-12-01T19:59:34+00:00","description":"APRENDE INGL\u00c9S \u00a1YA! CON MUCHOHOP. Aprender ingl\u00e9s de una vez por todas, de manera f\u00e1cil y pr\u00e1ctica. Te daremos herramientas y habilidades esenciales para que puedas comunicarte con confianza. Llevo muchos a\u00f1os ense\u00f1ando ingl\u00e9s y perfeccionado mi propio m\u00e9todo de ense\u00f1anza, centrado en aprender ingl\u00e9s sin complicaciones y con resultados r\u00e1pidos. Este curso est\u00e1 dise\u00f1ado para personas que desean aprender suficiente ingl\u00e9s para viajar y comunicarse en situaciones cotidianas. Si te cuesta la pronunciaci\u00f3n y quieres mejorarla, \u00a1ap\u00fantate ya!","breadcrumb":{"@id":"https:\/\/muchohop.com\/es\/aprende-ingles-ya\/#breadcrumb"},"inLanguage":"es","potentialAction":[{"@type":"ReadAction","target":["https:\/\/muchohop.com\/es\/aprende-ingles-ya\/"]}]},{"@type":"ImageObject","inLanguage":"es","@id":"https:\/\/muchohop.com\/es\/aprende-ingles-ya\/#primaryimage","url":"https:\/\/muchohop.com\/wp-content\/uploads\/2025\/03\/WEB-POST-MUCHOHOP-Aprende-Ingles-Ya-1500x1125-1.jpg","contentUrl":"https:\/\/muchohop.com\/wp-content\/uploads\/2025\/03\/WEB-POST-MUCHOHOP-Aprende-Ingles-Ya-1500x1125-1.jpg","width":1500,"height":1125},{"@type":"BreadcrumbList","@id":"https:\/\/muchohop.com\/es\/aprende-ingles-ya\/#breadcrumb","itemListElement":[{"@type":"ListItem","position":1,"name":"Home","item":"https:\/\/muchohop.com\/es\/"},{"@type":"ListItem","position":2,"name":"Aprende Ingl\u00e9s \u00a1\u00a1YA!! Con MuchoHop"}]},{"@type":"WebSite","@id":"https:\/\/muchohop.com\/#website","url":"https:\/\/muchohop.com\/","name":"MuchoHop","description":"Travel Blog","publisher":{"@id":"https:\/\/muchohop.com\/#organization"},"potentialAction":[{"@type":"SearchAction","target":{"@type":"EntryPoint","urlTemplate":"https:\/\/muchohop.com\/?s={search_term_string}"},"query-input":{"@type":"PropertyValueSpecification","valueRequired":true,"valueName":"search_term_string"}}],"inLanguage":"es"},{"@type":"Organization","@id":"https:\/\/muchohop.com\/#organization","name":"Muchohop","url":"https:\/\/muchohop.com\/","logo":{"@type":"ImageObject","inLanguage":"es","@id":"https:\/\/muchohop.com\/#\/schema\/logo\/image\/","url":"https:\/\/muchohop.com\/wp-content\/uploads\/2021\/02\/2020-LOGO-MH-SUITCASE-AIRPORT-sm.jpg","contentUrl":"https:\/\/muchohop.com\/wp-content\/uploads\/2021\/02\/2020-LOGO-MH-SUITCASE-AIRPORT-sm.jpg","width":200,"height":148,"caption":"Muchohop"},"image":{"@id":"https:\/\/muchohop.com\/#\/schema\/logo\/image\/"}}]}},"acf":[],"_links":{"self":[{"href":"https:\/\/muchohop.com\/es\/wp-json\/wp\/v2\/pages\/7553","targetHints":{"allow":["GET"]}}],"collection":[{"href":"https:\/\/muchohop.com\/es\/wp-json\/wp\/v2\/pages"}],"about":[{"href":"https:\/\/muchohop.com\/es\/wp-json\/wp\/v2\/types\/page"}],"author":[{"embeddable":true,"href":"https:\/\/muchohop.com\/es\/wp-json\/wp\/v2\/users\/4"}],"replies":[{"embeddable":true,"href":"https:\/\/muchohop.com\/es\/wp-json\/wp\/v2\/comments?post=7553"}],"version-history":[{"count":0,"href":"https:\/\/muchohop.com\/es\/wp-json\/wp\/v2\/pages\/7553\/revisions"}],"wp:featuredmedia":[{"embeddable":true,"href":"https:\/\/muchohop.com\/es\/wp-json\/wp\/v2\/media\/7572"}],"wp:attachment":[{"href":"https:\/\/muchohop.com\/es\/wp-json\/wp\/v2\/media?parent=7553"}],"curies":[{"name":"wp","href":"https:\/\/api.w.org\/{rel}","templated":true}]}}