{"id":7351,"date":"2024-06-03T21:02:37","date_gmt":"2024-06-03T20:02:37","guid":{"rendered":"https:\/\/muchohop.com\/?post_type=product&#038;p=7351"},"modified":"2024-11-08T17:29:44","modified_gmt":"2024-11-08T16:29:44","slug":"chat-privado-con-muchohop-via-zoom","status":"publish","type":"product","link":"https:\/\/muchohop.com\/es\/tienda\/chat-privado-con-muchohop-via-zoom\/","title":{"rendered":"Chat Privado con MuchoHop via Zoom"},"content":{"rendered":"<h4><b>\u00bfQu\u00e9 te puedo aportar?<\/b><\/h4>\n<p><span style=\"font-weight: 400;\">Puedo brindarte confianza y habilidades para viajar. Queremos reducir el estr\u00e9s, ya que viajar debe ser agradable.<\/span><\/p>\n<p><span style=\"font-weight: 400;\">Imag\u00ednate criarte entre maletas, pasaportes, billetes de avi\u00f3n y muchas conversaciones sobre viajes. \u00a1Esa soy yo!<\/span><\/p>\n<p><span style=\"font-weight: 400;\">Vengo de una familia con esp\u00edritu viajero, paterno y materno, \u00a1siempre buscando una vida mejor! Mis padres se mudaron de Espa\u00f1a a Estados Unidos, y 26 a\u00f1os m\u00e1s tarde yo regres\u00e9 a Europa, Espa\u00f1a y Alemania. Esto en Espa\u00f1a se llama, tener un culo inquieto. \ud83d\ude02<\/span><\/p>\n<p><span style=\"font-weight: 400;\">Y ahora espero transmitir mi experiencia de viaje a vosotros.<\/span><\/p>\n<h4><\/h4>\n<h4><b>\u00bfPara qui\u00e9n vale este Chat Privado?<\/b><\/h4>\n<p><span style=\"font-weight: 400;\">\u00a1\u00a1Para cualquiera!! T\u00fa eliges el tema de conversaci\u00f3n y hablaremos de lo que tengas en mente. Sin normas.<\/span><\/p>\n<p><span style=\"font-weight: 400;\">Tambi\u00e9n vale para:<\/span><\/p>\n<h4 style=\"padding-left: 40px;\"><b>Viajeros Primerizos<\/b><\/h4>\n<p style=\"padding-left: 40px;\"><span style=\"font-weight: 400;\">Si nunca has viajado, te puede resultar aterrador. Te aseguro que hablar de los detalles de tu pr\u00f3ximo viaje te har\u00e1 verlo con otros ojos y no estar\u00e1s tan nervioso\/a.<\/span><\/p>\n<h4 style=\"padding-left: 40px;\"><b>Viajeros Indecisos<\/b><\/h4>\n<p style=\"padding-left: 40px;\"><span style=\"font-weight: 400;\">Quieres viajar pero no sabes a d\u00f3nde ir. Los posts de viajes se ven tan apetecibles en Internet, pero \u00bfson adecuados para ti? Juntos resolveremos todos los detalles para que tu viaje sea s\u00faper especial.<\/span><\/p>\n<h4><\/h4>\n<h4><b>\u00bfPara qui\u00e9n NO sirve este Chat Privado?<\/b><\/h4>\n<p><span style=\"font-weight: 400;\">Para personas que tienen preguntas sobre temas legales, relacionados con inmigraci\u00f3n, visados, residencia, ciudadan\u00eda, etc.<\/span><\/p>\n","protected":false},"excerpt":{"rendered":"<p><span style=\"font-weight: 400;\">Este Chat Privado es una oportunidad para hablar sobre un viaje o cualquier cosa que tengas en mente y crees que hablar conmigo te puede ayudar.<\/span><\/p>\n<p><span style=\"font-weight: 400;\">La duraci\u00f3n de nuestra conversaci\u00f3n no va a ser bajo un horario estricto, es decir, no te voy a cronometrar y r\u00e1pidamente decir adi\u00f3s. Estoy aqu\u00ed para ayudar.<\/span><\/p>\n<p><span style=\"font-weight: 400;\">*\ufe0f\u20e3<\/span><span style=\"font-weight: 400;\"> Al confirmar el pago, te env\u00edo un correo para concretar la fecha de nuestra cita y te env\u00edo el enlace de Zoom. Cualquier duda me puedes localizar por este correo muchohop@gmail.com<\/span><\/p>\n<p><span style=\"font-weight: 400;\">Gracias por tu inter\u00e9s. Espero verte pronto.\u00a0<\/span><\/p>\n<p><span style=\"font-weight: 400;\">Un fuerte abrazo, Ana<\/span><\/p>\n<p><b>\u2b07\ufe0f<\/b><span style=\"color: #ff0000;\"><b> M\u00e1s Detalles en Descripci\u00f3n<\/b><\/span><\/p>\n<p><span style=\"font-weight: 400;\">\u00a0\u00a0<\/span><\/p>\n<p>&nbsp;<\/p>\n","protected":false},"featured_media":7439,"comment_status":"closed","ping_status":"closed","template":"","meta":{"_acf_changed":false,"_genesis_hide_title":false,"_genesis_hide_breadcrumbs":false,"_genesis_hide_singular_image":false,"_genesis_hide_footer_widgets":false,"_genesis_custom_body_class":"","_genesis_custom_post_class":"","_genesis_layout":""},"product_brand":[],"product_cat":[206],"product_tag":[207,210,209,208],"class_list":{"1":"product","2":"type-product","6":"product_cat-chat-privado","7":"product_tag-academia-mundo-hopper","8":"product_tag-chat-privado","9":"product_tag-coaching-de-viajes","10":"product_tag-consulta","11":"entry","13":"first","14":"instock","15":"virtual","16":"taxable","17":"purchasable","18":"product-type-simple"},"yoast_head":"<!-- This site is optimized with the Yoast SEO plugin v27.4 - https:\/\/yoast.com\/product\/yoast-seo-wordpress\/ -->\n<title>Chat Privado con MuchoHop via Zoom - MuchoHop<\/title>\n<meta name=\"description\" content=\"\u00bfPara qui\u00e9n vale el Chat Privado con MuchoHop v\u00eda Zoom? \u00a1\u00a1Para cualquiera!! T\u00fa eliges el tema de conversaci\u00f3n y hablaremos de lo que tengas en mente. Sin normas. Es \u00fatil para quienes viajan por primera vez o para personas que no est\u00e1n decididas sobre d\u00f3nde ir.\" \/>\n<meta name=\"robots\" content=\"index, follow, max-snippet:-1, max-image-preview:large, max-video-preview:-1\" \/>\n<link rel=\"canonical\" href=\"https:\/\/muchohop.com\/es\/tienda\/chat-privado-con-muchohop-via-zoom\/\" \/>\n<meta property=\"og:locale\" content=\"es_ES\" \/>\n<meta property=\"og:type\" content=\"article\" \/>\n<meta property=\"og:title\" content=\"Chat Privado con MuchoHop via Zoom - MuchoHop\" \/>\n<meta property=\"og:description\" content=\"\u00bfPara qui\u00e9n vale el Chat Privado con MuchoHop v\u00eda Zoom? \u00a1\u00a1Para cualquiera!! T\u00fa eliges el tema de conversaci\u00f3n y hablaremos de lo que tengas en mente. Sin normas. Es \u00fatil para quienes viajan por primera vez o para personas que no est\u00e1n decididas sobre d\u00f3nde ir.\" \/>\n<meta property=\"og:url\" content=\"https:\/\/muchohop.com\/es\/tienda\/chat-privado-con-muchohop-via-zoom\/\" \/>\n<meta property=\"og:site_name\" content=\"MuchoHop\" \/>\n<meta property=\"article:modified_time\" content=\"2024-11-08T16:29:44+00:00\" \/>\n<meta property=\"og:image\" content=\"https:\/\/muchohop.com\/wp-content\/uploads\/2024\/06\/WEB-PRODUCT-ZOOM-PROFILE-ANA-CIRCLE-4x3-1.jpg\" \/>\n\t<meta property=\"og:image:width\" content=\"1200\" \/>\n\t<meta property=\"og:image:height\" content=\"900\" \/>\n\t<meta property=\"og:image:type\" content=\"image\/jpeg\" \/>\n<meta name=\"twitter:card\" content=\"summary_large_image\" \/>\n<meta name=\"twitter:label1\" content=\"Tiempo de lectura\" \/>\n\t<meta name=\"twitter:data1\" content=\"2 minutos\" \/>\n<script type=\"application\/ld+json\" class=\"yoast-schema-graph\">{\"@context\":\"https:\\\/\\\/schema.org\",\"@graph\":[{\"@type\":\"WebPage\",\"@id\":\"https:\\\/\\\/muchohop.com\\\/es\\\/tienda\\\/chat-privado-con-muchohop-via-zoom\\\/\",\"url\":\"https:\\\/\\\/muchohop.com\\\/es\\\/tienda\\\/chat-privado-con-muchohop-via-zoom\\\/\",\"name\":\"Chat Privado con MuchoHop via Zoom - MuchoHop\",\"isPartOf\":{\"@id\":\"https:\\\/\\\/muchohop.com\\\/#website\"},\"primaryImageOfPage\":{\"@id\":\"https:\\\/\\\/muchohop.com\\\/es\\\/tienda\\\/chat-privado-con-muchohop-via-zoom\\\/#primaryimage\"},\"image\":{\"@id\":\"https:\\\/\\\/muchohop.com\\\/es\\\/tienda\\\/chat-privado-con-muchohop-via-zoom\\\/#primaryimage\"},\"thumbnailUrl\":\"https:\\\/\\\/muchohop.com\\\/wp-content\\\/uploads\\\/2024\\\/06\\\/WEB-PRODUCT-ZOOM-PROFILE-ANA-CIRCLE-4x3-1.jpg\",\"datePublished\":\"2024-06-03T20:02:37+00:00\",\"dateModified\":\"2024-11-08T16:29:44+00:00\",\"description\":\"\u00bfPara qui\u00e9n vale el Chat Privado con MuchoHop v\u00eda Zoom? \u00a1\u00a1Para cualquiera!! T\u00fa eliges el tema de conversaci\u00f3n y hablaremos de lo que tengas en mente. Sin normas. Es \u00fatil para quienes viajan por primera vez o para personas que no est\u00e1n decididas sobre d\u00f3nde ir.\",\"breadcrumb\":{\"@id\":\"https:\\\/\\\/muchohop.com\\\/es\\\/tienda\\\/chat-privado-con-muchohop-via-zoom\\\/#breadcrumb\"},\"inLanguage\":\"es\",\"potentialAction\":[{\"@type\":\"ReadAction\",\"target\":[\"https:\\\/\\\/muchohop.com\\\/es\\\/tienda\\\/chat-privado-con-muchohop-via-zoom\\\/\"]}]},{\"@type\":\"ImageObject\",\"inLanguage\":\"es\",\"@id\":\"https:\\\/\\\/muchohop.com\\\/es\\\/tienda\\\/chat-privado-con-muchohop-via-zoom\\\/#primaryimage\",\"url\":\"https:\\\/\\\/muchohop.com\\\/wp-content\\\/uploads\\\/2024\\\/06\\\/WEB-PRODUCT-ZOOM-PROFILE-ANA-CIRCLE-4x3-1.jpg\",\"contentUrl\":\"https:\\\/\\\/muchohop.com\\\/wp-content\\\/uploads\\\/2024\\\/06\\\/WEB-PRODUCT-ZOOM-PROFILE-ANA-CIRCLE-4x3-1.jpg\",\"width\":1200,\"height\":900},{\"@type\":\"BreadcrumbList\",\"@id\":\"https:\\\/\\\/muchohop.com\\\/es\\\/tienda\\\/chat-privado-con-muchohop-via-zoom\\\/#breadcrumb\",\"itemListElement\":[{\"@type\":\"ListItem\",\"position\":1,\"name\":\"Home\",\"item\":\"https:\\\/\\\/muchohop.com\\\/es\\\/\"},{\"@type\":\"ListItem\",\"position\":2,\"name\":\"TiendaW\",\"item\":\"https:\\\/\\\/muchohop.com\\\/es\\\/tiendaw\\\/\"},{\"@type\":\"ListItem\",\"position\":3,\"name\":\"Chat Privado con MuchoHop via Zoom\"}]},{\"@type\":\"WebSite\",\"@id\":\"https:\\\/\\\/muchohop.com\\\/#website\",\"url\":\"https:\\\/\\\/muchohop.com\\\/\",\"name\":\"MuchoHop\",\"description\":\"Travel Blog\",\"publisher\":{\"@id\":\"https:\\\/\\\/muchohop.com\\\/#organization\"},\"potentialAction\":[{\"@type\":\"SearchAction\",\"target\":{\"@type\":\"EntryPoint\",\"urlTemplate\":\"https:\\\/\\\/muchohop.com\\\/?s={search_term_string}\"},\"query-input\":{\"@type\":\"PropertyValueSpecification\",\"valueRequired\":true,\"valueName\":\"search_term_string\"}}],\"inLanguage\":\"es\"},{\"@type\":\"Organization\",\"@id\":\"https:\\\/\\\/muchohop.com\\\/#organization\",\"name\":\"Muchohop\",\"url\":\"https:\\\/\\\/muchohop.com\\\/\",\"logo\":{\"@type\":\"ImageObject\",\"inLanguage\":\"es\",\"@id\":\"https:\\\/\\\/muchohop.com\\\/#\\\/schema\\\/logo\\\/image\\\/\",\"url\":\"https:\\\/\\\/muchohop.com\\\/wp-content\\\/uploads\\\/2021\\\/02\\\/2020-LOGO-MH-SUITCASE-AIRPORT-sm.jpg\",\"contentUrl\":\"https:\\\/\\\/muchohop.com\\\/wp-content\\\/uploads\\\/2021\\\/02\\\/2020-LOGO-MH-SUITCASE-AIRPORT-sm.jpg\",\"width\":200,\"height\":148,\"caption\":\"Muchohop\"},\"image\":{\"@id\":\"https:\\\/\\\/muchohop.com\\\/#\\\/schema\\\/logo\\\/image\\\/\"}}]}<\/script>\n<!-- \/ Yoast SEO plugin. -->","yoast_head_json":{"title":"Chat Privado con MuchoHop via Zoom - MuchoHop","description":"\u00bfPara qui\u00e9n vale el Chat Privado con MuchoHop v\u00eda Zoom? \u00a1\u00a1Para cualquiera!! T\u00fa eliges el tema de conversaci\u00f3n y hablaremos de lo que tengas en mente. Sin normas. Es \u00fatil para quienes viajan por primera vez o para personas que no est\u00e1n decididas sobre d\u00f3nde ir.","robots":{"index":"index","follow":"follow","max-snippet":"max-snippet:-1","max-image-preview":"max-image-preview:large","max-video-preview":"max-video-preview:-1"},"canonical":"https:\/\/muchohop.com\/es\/tienda\/chat-privado-con-muchohop-via-zoom\/","og_locale":"es_ES","og_type":"article","og_title":"Chat Privado con MuchoHop via Zoom - MuchoHop","og_description":"\u00bfPara qui\u00e9n vale el Chat Privado con MuchoHop v\u00eda Zoom? \u00a1\u00a1Para cualquiera!! T\u00fa eliges el tema de conversaci\u00f3n y hablaremos de lo que tengas en mente. Sin normas. Es \u00fatil para quienes viajan por primera vez o para personas que no est\u00e1n decididas sobre d\u00f3nde ir.","og_url":"https:\/\/muchohop.com\/es\/tienda\/chat-privado-con-muchohop-via-zoom\/","og_site_name":"MuchoHop","article_modified_time":"2024-11-08T16:29:44+00:00","og_image":[{"width":1200,"height":900,"url":"https:\/\/muchohop.com\/wp-content\/uploads\/2024\/06\/WEB-PRODUCT-ZOOM-PROFILE-ANA-CIRCLE-4x3-1.jpg","type":"image\/jpeg"}],"twitter_card":"summary_large_image","twitter_misc":{"Tiempo de lectura":"2 minutos"},"schema":{"@context":"https:\/\/schema.org","@graph":[{"@type":"WebPage","@id":"https:\/\/muchohop.com\/es\/tienda\/chat-privado-con-muchohop-via-zoom\/","url":"https:\/\/muchohop.com\/es\/tienda\/chat-privado-con-muchohop-via-zoom\/","name":"Chat Privado con MuchoHop via Zoom - MuchoHop","isPartOf":{"@id":"https:\/\/muchohop.com\/#website"},"primaryImageOfPage":{"@id":"https:\/\/muchohop.com\/es\/tienda\/chat-privado-con-muchohop-via-zoom\/#primaryimage"},"image":{"@id":"https:\/\/muchohop.com\/es\/tienda\/chat-privado-con-muchohop-via-zoom\/#primaryimage"},"thumbnailUrl":"https:\/\/muchohop.com\/wp-content\/uploads\/2024\/06\/WEB-PRODUCT-ZOOM-PROFILE-ANA-CIRCLE-4x3-1.jpg","datePublished":"2024-06-03T20:02:37+00:00","dateModified":"2024-11-08T16:29:44+00:00","description":"\u00bfPara qui\u00e9n vale el Chat Privado con MuchoHop v\u00eda Zoom? \u00a1\u00a1Para cualquiera!! T\u00fa eliges el tema de conversaci\u00f3n y hablaremos de lo que tengas en mente. Sin normas. Es \u00fatil para quienes viajan por primera vez o para personas que no est\u00e1n decididas sobre d\u00f3nde ir.","breadcrumb":{"@id":"https:\/\/muchohop.com\/es\/tienda\/chat-privado-con-muchohop-via-zoom\/#breadcrumb"},"inLanguage":"es","potentialAction":[{"@type":"ReadAction","target":["https:\/\/muchohop.com\/es\/tienda\/chat-privado-con-muchohop-via-zoom\/"]}]},{"@type":"ImageObject","inLanguage":"es","@id":"https:\/\/muchohop.com\/es\/tienda\/chat-privado-con-muchohop-via-zoom\/#primaryimage","url":"https:\/\/muchohop.com\/wp-content\/uploads\/2024\/06\/WEB-PRODUCT-ZOOM-PROFILE-ANA-CIRCLE-4x3-1.jpg","contentUrl":"https:\/\/muchohop.com\/wp-content\/uploads\/2024\/06\/WEB-PRODUCT-ZOOM-PROFILE-ANA-CIRCLE-4x3-1.jpg","width":1200,"height":900},{"@type":"BreadcrumbList","@id":"https:\/\/muchohop.com\/es\/tienda\/chat-privado-con-muchohop-via-zoom\/#breadcrumb","itemListElement":[{"@type":"ListItem","position":1,"name":"Home","item":"https:\/\/muchohop.com\/es\/"},{"@type":"ListItem","position":2,"name":"TiendaW","item":"https:\/\/muchohop.com\/es\/tiendaw\/"},{"@type":"ListItem","position":3,"name":"Chat Privado con MuchoHop via Zoom"}]},{"@type":"WebSite","@id":"https:\/\/muchohop.com\/#website","url":"https:\/\/muchohop.com\/","name":"MuchoHop","description":"Travel Blog","publisher":{"@id":"https:\/\/muchohop.com\/#organization"},"potentialAction":[{"@type":"SearchAction","target":{"@type":"EntryPoint","urlTemplate":"https:\/\/muchohop.com\/?s={search_term_string}"},"query-input":{"@type":"PropertyValueSpecification","valueRequired":true,"valueName":"search_term_string"}}],"inLanguage":"es"},{"@type":"Organization","@id":"https:\/\/muchohop.com\/#organization","name":"Muchohop","url":"https:\/\/muchohop.com\/","logo":{"@type":"ImageObject","inLanguage":"es","@id":"https:\/\/muchohop.com\/#\/schema\/logo\/image\/","url":"https:\/\/muchohop.com\/wp-content\/uploads\/2021\/02\/2020-LOGO-MH-SUITCASE-AIRPORT-sm.jpg","contentUrl":"https:\/\/muchohop.com\/wp-content\/uploads\/2021\/02\/2020-LOGO-MH-SUITCASE-AIRPORT-sm.jpg","width":200,"height":148,"caption":"Muchohop"},"image":{"@id":"https:\/\/muchohop.com\/#\/schema\/logo\/image\/"}}]}},"acf":[],"_links":{"self":[{"href":"https:\/\/muchohop.com\/es\/wp-json\/wp\/v2\/product\/7351","targetHints":{"allow":["GET"]}}],"collection":[{"href":"https:\/\/muchohop.com\/es\/wp-json\/wp\/v2\/product"}],"about":[{"href":"https:\/\/muchohop.com\/es\/wp-json\/wp\/v2\/types\/product"}],"replies":[{"embeddable":true,"href":"https:\/\/muchohop.com\/es\/wp-json\/wp\/v2\/comments?post=7351"}],"wp:featuredmedia":[{"embeddable":true,"href":"https:\/\/muchohop.com\/es\/wp-json\/wp\/v2\/media\/7439"}],"wp:attachment":[{"href":"https:\/\/muchohop.com\/es\/wp-json\/wp\/v2\/media?parent=7351"}],"wp:term":[{"taxonomy":"product_brand","embeddable":true,"href":"https:\/\/muchohop.com\/es\/wp-json\/wp\/v2\/product_brand?post=7351"},{"taxonomy":"product_cat","embeddable":true,"href":"https:\/\/muchohop.com\/es\/wp-json\/wp\/v2\/product_cat?post=7351"},{"taxonomy":"product_tag","embeddable":true,"href":"https:\/\/muchohop.com\/es\/wp-json\/wp\/v2\/product_tag?post=7351"}],"curies":[{"name":"wp","href":"https:\/\/api.w.org\/{rel}","templated":true}]}}